{"id":22,"date":"2016-07-16T12:45:42","date_gmt":"2016-07-16T10:45:42","guid":{"rendered":"http:\/\/blueorangemusic.com\/shop\/agb\/"},"modified":"2018-05-23T14:14:04","modified_gmt":"2018-05-23T12:14:04","slug":"agb","status":"publish","type":"page","link":"https:\/\/blueorangemusic.com\/oshop\/agb\/","title":{"rendered":"AGB"},"content":{"rendered":"<h3>Allgemeine Gesch\u00e4ftsbedingungen<\/h3>\n<p><strong>1. Geltungsbereich<\/strong><\/p>\n<p>F\u00fcr alle Bestellungen \u00fcber unseren Online-Shop    gelten die nachfolgenden AGB.<\/p>\n<p><strong>2. Vertragspartner,    Vertragsschluss<\/strong><\/p>\n<p>Der Kaufvertrag kommt zustande mit Blueorange Music by PA.<\/p>\n<p>Die Darstellung der Produkte im    Online-Shop stellt kein rechtlich bindendes Angebot, sondern einen unverbindlichen Online-Katalog dar. Sie k\u00f6nnen    unsere Produkte zun\u00e4chst unverbindlich in den Warenkorb legen und Ihre Eingaben vor Absenden Ihrer verbindlichen    Bestellung jederzeit korrigieren, indem Sie die hierf\u00fcr im Bestellablauf vorgesehenen und erl\u00e4uterten    Korrekturhilfen nutzen. Durch Anklicken des Bestellbuttons geben Sie eine verbindliche Bestellung der im Warenkorb    enthaltenen Waren ab. Die Best\u00e4tigung des Zugangs Ihrer Bestellung erfolgt per E-Mail unmittelbar nach dem Absenden    der Bestellung.<\/p>\n<p>Wann der Vertrag mit uns zustande kommt, richtet sich nach der von Ihnen gew\u00e4hlten    Zahlungsart:<\/p>\n<p><strong>Rechnung<\/strong>                <\/p>\n<p>Wir nehmen Ihre Bestellung durch Versand einer Annahmeerkl\u00e4rung in separater E-Mail oder durch                Auslieferung der Ware innerhalb von zwei Tagen an.            <\/p>\n<p><strong>Vorkasse<\/strong><br \/>                Wir nehmen Ihre Bestellung durch Versand einer Annahmeerkl\u00e4rung in separater E-Mail innerhalb von zwei                Tagen an, in welcher wir Ihnen unsere Bankverbindung nennen.            <\/p>\n<p><strong>Kreditkarte<\/strong><br \/>Mit Abgabe der Bestellung \u00fcbermitteln Sie uns gleichzeitig Ihre            Kreditkartendaten. Nach Ihrer Legitimation als rechtm\u00e4\u00dfiger Karteninhaber fordern wir Ihr            Kreditkartenunternehmen zur Einleitung der Zahlungstransaktion auf und nehmen dadurch Ihr Angebot an.<\/p>\n<p>                                                                    <strong>PayPal, PayPal Express<\/strong>                                <br \/>                Im Bestellprozess werden Sie auf die Webseite des Online-Anbieters PayPal weitergeleitet. Dort k\u00f6nnen                Sie Ihre Zahlungsdaten angeben und die Zahlungsanweisung an PayPal best\u00e4tigen. Nach Abgabe der                Bestellung im Shop fordern wir PayPal zur Einleitung der Zahlungstransaktion auf und nehmen dadurch Ihr                Angebot an.<\/p>\n<p>                                                                            <strong>3. Vertragssprache,    Vertragstextspeicherung<\/strong><br \/>Die f\u00fcr den Vertragsschluss zur Verf\u00fcgung stehenden Sprachen sind Deutsch und Englisch.    <\/p>\n<p>Der Vertragstext wird von uns nicht gespeichert.<\/p>\n<p>    <strong>4. Lieferbedingungen<\/strong><\/p>\n<p>Zuz\u00fcglich zu den angegebenen Produktpreisen kommen    noch Versandkosten hinzu. N\u00e4heres zur H\u00f6he der Versandkosten erfahren Sie bei den Angeboten.<\/p>\n<p>    Wir liefern nur im Versandweg. Eine Selbstabholung der Ware ist leider nicht m\u00f6glich.<\/p>\n<p\/><strong>5. Bezahlung<\/strong>    <\/p>\n<p>In unserem Shop stehen Ihnen grunds\u00e4tzlich die folgenden Zahlungsarten        zur Verf\u00fcgung:<\/p>\n<p><strong>Vorkasse<\/strong><br \/>                Bei Auswahl der Zahlungsart Vorkasse nennen wir Ihnen unsere Bankverbindung in separater E-Mail und                liefern die Ware nach Zahlungseingang.<\/p>\n<p><strong>Kreditkarte<\/strong><br \/>            Mit Abgabe der Bestellung \u00fcbermitteln Sie uns gleichzeitig Ihre Kreditkartendaten.<br \/>            Nach Ihrer Legitimation als rechtm\u00e4\u00dfiger Karteninhaber fordern wir unmittelbar nach der Bestellung Ihr Kreditkartenunternehmen zur Einleitung der Zahlungstransaktion auf. Die  Zahlungstransaktion wird durch das Kreditkartenunternehmen automatisch durchgef\u00fchrt und Ihre Karte belastet.                                                                <\/p>\n<p>                                                    <strong>PayPal, PayPal Express<\/strong>                        <br \/>Im Bestellprozess werden Sie auf die Webseite des Online-Anbieters PayPal weitergeleitet. Um den Rechnungsbetrag \u00fcber PayPal bezahlen zu k\u00f6nnen, m\u00fcssen Sie dort registriert sein bzw. sich erst registrieren, mit Ihren Zugangsdaten legitimieren und die Zahlungsanweisung an uns best\u00e4tigen. Nach Abgabe der Bestellung im Shop fordern wir PayPal zur Einleitung der Zahlungstransaktion auf.            <br \/>                            Die Zahlungstransaktion wird durch PayPal unmittelbar danach automatisch durchgef\u00fchrt. Weitere Hinweise erhalten Sie beim Bestellvorgang.                    <\/p>\n<p><strong>Rechnung<\/strong><br \/>            Sie zahlen den Rechnungsbetrag nach Erhalt der Ware und der Rechnung per \u00dcberweisung auf unser Bankkonto.            Wir behalten uns vor, den Kauf auf Rechnung nur nach einer erfolgreichen Bonit\u00e4tspr\u00fcfung anzubieten.        <\/p>\n<p>                                                                        <strong>6. Eigentumsvorbehalt<\/strong>    <\/p>\n<p>Die Ware bleibt bis zur vollst\u00e4ndigen Bezahlung        unser Eigentum.<\/p>\n<p>            <strong>7. Transportsch\u00e4den<\/strong>    <\/p>\n<p>        Werden Waren mit offensichtlichen Transportsch\u00e4den angeliefert, so reklamieren Sie solche Fehler bitte m\u00f6glichst sofort beim Zusteller und nehmen Sie bitte unverz\u00fcglich Kontakt zu uns auf. Die Vers\u00e4umung einer Reklamation oder Kontaktaufnahme hat f\u00fcr Ihre gesetzlichen Anspr\u00fcche und deren Durchsetzung, insbesondere Ihre Gew\u00e4hrleistungsrechte, keinerlei Konsequenzen. Sie helfen uns aber, unsere eigenen Anspr\u00fcche gegen\u00fcber dem Frachtf\u00fchrer bzw. der Transportversicherung geltend machen zu k\u00f6nnen.<\/p>\n<p>            <strong>8. Gew\u00e4hrleistung und Garantien<\/strong>    <\/p>\n<p>Es gilt das gesetzliche M\u00e4ngelhaftungsrecht. Informationen zu gegebenenfalls geltenden zus\u00e4tzlichen Garantien und        deren genaue Bedingungen finden Sie jeweils beim Produkt und auf besonderen Informationsseiten im        Onlineshop.<\/p>\n<p>        <strong>9. Streitbeilegung<\/strong><br \/>                            Die Europ\u00e4ische Kommission stellt eine Plattform zur Online-Streitbeilegung (OS) bereit, die Sie hier finden            <a href=\"https:\/\/ec.europa.eu\/consumers\/odr\/\" target=\"_blank\" rel=\"nofollow\">https:\/\/ec.europa.eu\/consumers\/odr\/<\/a>.            <br \/>                            Wir sind bereit, an einem au\u00dfergerichtlichen Schlichtungsverfahren vor einer Verbraucherschlichtungsstelle teilzunehmen.                                                                                    <\/p>\n<p><i><a target=\"_blank\" title=\"AGB\" href=\"http:\/\/shop.trustedshops.com\/rechtstexte-kostenlos\">AGB<\/a> erstellt            mit dem <a target=\"_blank\" title=\"Trusted Shops\" href=\"https:\/\/shop.trustedshops.com\/de\/\">Trusted Shops<\/a>            Rechtstexter in Kooperation mit <a target=\"_blank\" title=\"Wilde Beuger Solmecke Rechtsanw\u00e4lte\"                                               href=\"http:\/\/www.wbs-law.de\" rel=\"nofollow\">Wilde Beuger Solmecke Rechtsanw\u00e4lte<\/a>.<\/i>    <\/p>\n<div class=\"woocommerce woocommerce-gzd woocommerce-gzd-complaints-shortcode\">\n\t\t\t<h3>Alternative Streitbeilegung gem\u00e4\u00df Art. 14 Abs. 1 ODR-VO und \u00a7 36 VSBG:<\/h3>\n\t\nWir sind bereit, an einem au\u00dfergerichtlichen Schlichtungsverfahren teilzunehmen.<\/div>\n","protected":false},"excerpt":{"rendered":"<p>Allgemeine Gesch\u00e4ftsbedingungen 1. Geltungsbereich F\u00fcr alle Bestellungen \u00fcber unseren Online-Shop gelten die nachfolgenden AGB. 2. Vertragspartner, Vertragsschluss Der Kaufvertrag kommt zustande mit Blueorange Music by PA. Die Darstellung der Produkte im Online-Shop stellt kein rechtlich bindendes Angebot, sondern einen unverbindlichen Online-Katalog dar. Sie k\u00f6nnen unsere Produkte zun\u00e4chst unverbindlich in den Warenkorb legen und Ihre Eingaben [&#8230;]\n","protected":false},"author":1,"featured_media":0,"parent":0,"menu_order":0,"comment_status":"closed","ping_status":"closed","template":"","meta":{"footnotes":""},"class_list":["post-22","page","type-page","status-publish","hentry"],"yoast_head":"<!-- This site is optimized with the Yoast SEO plugin v26.6 - https:\/\/yoast.com\/wordpress\/plugins\/seo\/ -->\n<title>AGB - Blueorange Music<\/title>\n<meta name=\"robots\" content=\"index, follow, max-snippet:-1, max-image-preview:large, max-video-preview:-1\" \/>\n<link rel=\"canonical\" href=\"https:\/\/blueorangemusic.com\/oshop\/agb\/\" \/>\n<meta property=\"og:locale\" content=\"de_DE\" \/>\n<meta property=\"og:type\" content=\"article\" \/>\n<meta property=\"og:title\" content=\"AGB - Blueorange Music\" \/>\n<meta property=\"og:description\" content=\"Allgemeine Gesch\u00e4ftsbedingungen 1. Geltungsbereich F\u00fcr alle Bestellungen \u00fcber unseren Online-Shop gelten die nachfolgenden AGB. 2. Vertragspartner, Vertragsschluss Der Kaufvertrag kommt zustande mit Blueorange Music by PA. Die Darstellung der Produkte im Online-Shop stellt kein rechtlich bindendes Angebot, sondern einen unverbindlichen Online-Katalog dar. Sie k\u00f6nnen unsere Produkte zun\u00e4chst unverbindlich in den Warenkorb legen und Ihre Eingaben [...]\" \/>\n<meta property=\"og:url\" content=\"https:\/\/blueorangemusic.com\/oshop\/agb\/\" \/>\n<meta property=\"og:site_name\" content=\"Blueorange Music\" \/>\n<meta property=\"article:modified_time\" content=\"2018-05-23T12:14:04+00:00\" \/>\n<meta name=\"twitter:card\" content=\"summary_large_image\" \/>\n<meta name=\"twitter:label1\" content=\"Gesch\u00e4tzte Lesezeit\" \/>\n\t<meta name=\"twitter:data1\" content=\"3\u00a0Minuten\" \/>\n<script type=\"application\/ld+json\" class=\"yoast-schema-graph\">{\"@context\":\"https:\/\/schema.org\",\"@graph\":[{\"@type\":\"WebPage\",\"@id\":\"https:\/\/blueorangemusic.com\/oshop\/agb\/\",\"url\":\"https:\/\/blueorangemusic.com\/oshop\/agb\/\",\"name\":\"AGB - Blueorange Music\",\"isPartOf\":{\"@id\":\"https:\/\/blueorangemusic.com\/oshop\/#website\"},\"datePublished\":\"2016-07-16T10:45:42+00:00\",\"dateModified\":\"2018-05-23T12:14:04+00:00\",\"breadcrumb\":{\"@id\":\"https:\/\/blueorangemusic.com\/oshop\/agb\/#breadcrumb\"},\"inLanguage\":\"de\",\"potentialAction\":[{\"@type\":\"ReadAction\",\"target\":[\"https:\/\/blueorangemusic.com\/oshop\/agb\/\"]}]},{\"@type\":\"BreadcrumbList\",\"@id\":\"https:\/\/blueorangemusic.com\/oshop\/agb\/#breadcrumb\",\"itemListElement\":[{\"@type\":\"ListItem\",\"position\":1,\"name\":\"Startseite\",\"item\":\"https:\/\/blueorangemusic.com\/oshop\/\"},{\"@type\":\"ListItem\",\"position\":2,\"name\":\"AGB\"}]},{\"@type\":\"WebSite\",\"@id\":\"https:\/\/blueorangemusic.com\/oshop\/#website\",\"url\":\"https:\/\/blueorangemusic.com\/oshop\/\",\"name\":\"Blueorange Music\",\"description\":\"Musikverlag f\u00fcr p\u00e4dagogisches Material\",\"potentialAction\":[{\"@type\":\"SearchAction\",\"target\":{\"@type\":\"EntryPoint\",\"urlTemplate\":\"https:\/\/blueorangemusic.com\/oshop\/?s={search_term_string}\"},\"query-input\":{\"@type\":\"PropertyValueSpecification\",\"valueRequired\":true,\"valueName\":\"search_term_string\"}}],\"inLanguage\":\"de\"}]}<\/script>\n<!-- \/ Yoast SEO plugin. -->","yoast_head_json":{"title":"AGB - Blueorange Music","robots":{"index":"index","follow":"follow","max-snippet":"max-snippet:-1","max-image-preview":"max-image-preview:large","max-video-preview":"max-video-preview:-1"},"canonical":"https:\/\/blueorangemusic.com\/oshop\/agb\/","og_locale":"de_DE","og_type":"article","og_title":"AGB - Blueorange Music","og_description":"Allgemeine Gesch\u00e4ftsbedingungen 1. Geltungsbereich F\u00fcr alle Bestellungen \u00fcber unseren Online-Shop gelten die nachfolgenden AGB. 2. Vertragspartner, Vertragsschluss Der Kaufvertrag kommt zustande mit Blueorange Music by PA. Die Darstellung der Produkte im Online-Shop stellt kein rechtlich bindendes Angebot, sondern einen unverbindlichen Online-Katalog dar. Sie k\u00f6nnen unsere Produkte zun\u00e4chst unverbindlich in den Warenkorb legen und Ihre Eingaben [...]","og_url":"https:\/\/blueorangemusic.com\/oshop\/agb\/","og_site_name":"Blueorange Music","article_modified_time":"2018-05-23T12:14:04+00:00","twitter_card":"summary_large_image","twitter_misc":{"Gesch\u00e4tzte Lesezeit":"3\u00a0Minuten"},"schema":{"@context":"https:\/\/schema.org","@graph":[{"@type":"WebPage","@id":"https:\/\/blueorangemusic.com\/oshop\/agb\/","url":"https:\/\/blueorangemusic.com\/oshop\/agb\/","name":"AGB - Blueorange Music","isPartOf":{"@id":"https:\/\/blueorangemusic.com\/oshop\/#website"},"datePublished":"2016-07-16T10:45:42+00:00","dateModified":"2018-05-23T12:14:04+00:00","breadcrumb":{"@id":"https:\/\/blueorangemusic.com\/oshop\/agb\/#breadcrumb"},"inLanguage":"de","potentialAction":[{"@type":"ReadAction","target":["https:\/\/blueorangemusic.com\/oshop\/agb\/"]}]},{"@type":"BreadcrumbList","@id":"https:\/\/blueorangemusic.com\/oshop\/agb\/#breadcrumb","itemListElement":[{"@type":"ListItem","position":1,"name":"Startseite","item":"https:\/\/blueorangemusic.com\/oshop\/"},{"@type":"ListItem","position":2,"name":"AGB"}]},{"@type":"WebSite","@id":"https:\/\/blueorangemusic.com\/oshop\/#website","url":"https:\/\/blueorangemusic.com\/oshop\/","name":"Blueorange Music","description":"Musikverlag f\u00fcr p\u00e4dagogisches Material","potentialAction":[{"@type":"SearchAction","target":{"@type":"EntryPoint","urlTemplate":"https:\/\/blueorangemusic.com\/oshop\/?s={search_term_string}"},"query-input":{"@type":"PropertyValueSpecification","valueRequired":true,"valueName":"search_term_string"}}],"inLanguage":"de"}]}},"_links":{"self":[{"href":"https:\/\/blueorangemusic.com\/oshop\/wp-json\/wp\/v2\/pages\/22","targetHints":{"allow":["GET"]}}],"collection":[{"href":"https:\/\/blueorangemusic.com\/oshop\/wp-json\/wp\/v2\/pages"}],"about":[{"href":"https:\/\/blueorangemusic.com\/oshop\/wp-json\/wp\/v2\/types\/page"}],"author":[{"embeddable":true,"href":"https:\/\/blueorangemusic.com\/oshop\/wp-json\/wp\/v2\/users\/1"}],"replies":[{"embeddable":true,"href":"https:\/\/blueorangemusic.com\/oshop\/wp-json\/wp\/v2\/comments?post=22"}],"version-history":[{"count":4,"href":"https:\/\/blueorangemusic.com\/oshop\/wp-json\/wp\/v2\/pages\/22\/revisions"}],"predecessor-version":[{"id":641,"href":"https:\/\/blueorangemusic.com\/oshop\/wp-json\/wp\/v2\/pages\/22\/revisions\/641"}],"wp:attachment":[{"href":"https:\/\/blueorangemusic.com\/oshop\/wp-json\/wp\/v2\/media?parent=22"}],"curies":[{"name":"wp","href":"https:\/\/api.w.org\/{rel}","templated":true}]}}