{"id":24,"date":"2016-07-16T12:45:42","date_gmt":"2016-07-16T10:45:42","guid":{"rendered":"http:\/\/blueorangemusic.com\/shop\/versandarten\/"},"modified":"2019-04-21T10:33:42","modified_gmt":"2019-04-21T08:33:42","slug":"versandkosten","status":"publish","type":"page","link":"https:\/\/blueorangemusic.com\/oshop\/versandkosten\/","title":{"rendered":"Versandkosten"},"content":{"rendered":"\t\t<div data-elementor-type=\"wp-post\" data-elementor-id=\"24\" class=\"elementor elementor-24\">\n\t\t\t\t\t\t<section class=\"elementor-section elementor-top-section elementor-element elementor-element-29f26ade elementor-section-boxed elementor-section-height-default elementor-section-height-default\" data-id=\"29f26ade\" data-element_type=\"section\">\n\t\t\t\t\t\t<div class=\"elementor-container elementor-column-gap-default\">\n\t\t\t\t\t<div class=\"elementor-column elementor-col-100 elementor-top-column elementor-element elementor-element-5e42273d\" data-id=\"5e42273d\" data-element_type=\"column\">\n\t\t\t<div class=\"elementor-widget-wrap elementor-element-populated\">\n\t\t\t\t\t\t<div class=\"elementor-element elementor-element-1db73898 elementor-widget elementor-widget-text-editor\" data-id=\"1db73898\" data-element_type=\"widget\" data-widget_type=\"text-editor.default\">\n\t\t\t\t<div class=\"elementor-widget-container\">\n\t\t\t\t\t\t\t\t\t<p><\/p>\n<table border=\"0\" width=\"80%\">\n<tbody>\n<tr>\n<td width=\"40%\">Luxemburg:<\/td>\n<td>Versandkostenpauschale <strong>2\u20ac<\/strong> (bis 500g), <strong>3,3\u20ac<\/strong> (bis 2000g), <strong>6\u20ac<\/strong> (mehr als 2000g)<\/td>\n<\/tr>\n<tr>\n<td>\n<p>Deutschland, Belgien, Frankreich, Niederlande<\/p>\n<\/td>\n<td>Versandkostenpauschale <strong>3\u20ac<\/strong> (bis 500g), <strong>5\u20ac<\/strong> (bis 2000g), <strong>10\u20ac<\/strong> (mehr als 2000g)<\/td>\n<\/tr>\n<tr>\n<td>\n<p>Europa &#8211; Zone 1:<\/p>\n<p>Andorra, D\u00e4nemark, \u00d6sterreich, Schweden, Schweiz, Slowenien, Vereinigtes K\u00f6nigreich<\/p>\n<\/td>\n<td>Versandkostenpauschale <strong>3\u20ac<\/strong> (bis 500g), <strong>5\u20ac<\/strong> (bis 2000g), <strong>18\u20ac<\/strong> (mehr als 2000g)<\/td>\n<\/tr>\n<tr>\n<td>\n<p>Europa &#8211; Zone 2:<\/p>\n<p>Bulgarien, Estland, Finnland, Griechenland, Irland, Island, Italien, Kroatien,<br \/>Lettland, Liechtenstein, Litauen, Malta, Norwegen, Polen, Portugal, Rum\u00e4nien,<br \/>Slowakei, Spanien, Tschechische Republik, Ungarn, Zypern.<\/p>\n<\/td>\n<td>Versandkostenpauschale <strong>3\u20ac<\/strong> (bis 500g), <strong>5\u20ac<\/strong> (bis 2000g), <strong>30\u20ac<\/strong> (mehr als 2000g)<\/td>\n<\/tr>\n<tr>\n<td>Rest der Welt:<\/td>\n<td>Versandkostenpauschale <strong>5\u20ac<\/strong> (bis 500g), <strong>7\u20ac<\/strong> (bis 2000g), <strong>40\u20ac<\/strong> (mehr als 2000g)<\/td>\n<\/tr>\n<\/tbody>\n<\/table>\n<p><\/p>\t\t\t\t\t\t\t\t<\/div>\n\t\t\t\t<\/div>\n\t\t\t\t\t<\/div>\n\t\t<\/div>\n\t\t\t\t\t<\/div>\n\t\t<\/section>\n\t\t\t\t<\/div>\n\t\t","protected":false},"excerpt":{"rendered":"<p>Luxemburg: Versandkostenpauschale 2\u20ac (bis 500g), 3,3\u20ac (bis 2000g), 6\u20ac (mehr als 2000g) Deutschland, Belgien, Frankreich, Niederlande Versandkostenpauschale 3\u20ac (bis 500g), 5\u20ac (bis 2000g), 10\u20ac (mehr als 2000g) Europa &#8211; Zone 1: Andorra, D\u00e4nemark, \u00d6sterreich, Schweden, Schweiz, Slowenien, Vereinigtes K\u00f6nigreich Versandkostenpauschale 3\u20ac (bis 500g), 5\u20ac (bis 2000g), 18\u20ac (mehr als 2000g) Europa &#8211; Zone 2: Bulgarien, [&#8230;]\n","protected":false},"author":1,"featured_media":0,"parent":0,"menu_order":0,"comment_status":"closed","ping_status":"closed","template":"","meta":{"footnotes":""},"class_list":["post-24","page","type-page","status-publish","hentry"],"yoast_head":"<!-- This site is optimized with the Yoast SEO plugin v26.6 - https:\/\/yoast.com\/wordpress\/plugins\/seo\/ -->\n<title>Versandkosten - Blueorange Music<\/title>\n<meta name=\"robots\" content=\"index, follow, max-snippet:-1, max-image-preview:large, max-video-preview:-1\" \/>\n<link rel=\"canonical\" href=\"https:\/\/blueorangemusic.com\/oshop\/versandkosten\/\" \/>\n<meta property=\"og:locale\" content=\"de_DE\" \/>\n<meta property=\"og:type\" content=\"article\" \/>\n<meta property=\"og:title\" content=\"Versandkosten - Blueorange Music\" \/>\n<meta property=\"og:description\" content=\"Luxemburg: Versandkostenpauschale 2\u20ac (bis 500g), 3,3\u20ac (bis 2000g), 6\u20ac (mehr als 2000g) Deutschland, Belgien, Frankreich, Niederlande Versandkostenpauschale 3\u20ac (bis 500g), 5\u20ac (bis 2000g), 10\u20ac (mehr als 2000g) Europa &#8211; Zone 1: Andorra, D\u00e4nemark, \u00d6sterreich, Schweden, Schweiz, Slowenien, Vereinigtes K\u00f6nigreich Versandkostenpauschale 3\u20ac (bis 500g), 5\u20ac (bis 2000g), 18\u20ac (mehr als 2000g) Europa &#8211; Zone 2: Bulgarien, [...]\" \/>\n<meta property=\"og:url\" content=\"https:\/\/blueorangemusic.com\/oshop\/versandkosten\/\" \/>\n<meta property=\"og:site_name\" content=\"Blueorange Music\" \/>\n<meta property=\"article:modified_time\" content=\"2019-04-21T08:33:42+00:00\" \/>\n<meta name=\"twitter:card\" content=\"summary_large_image\" \/>\n<script type=\"application\/ld+json\" class=\"yoast-schema-graph\">{\"@context\":\"https:\/\/schema.org\",\"@graph\":[{\"@type\":\"WebPage\",\"@id\":\"https:\/\/blueorangemusic.com\/oshop\/versandkosten\/\",\"url\":\"https:\/\/blueorangemusic.com\/oshop\/versandkosten\/\",\"name\":\"Versandkosten - Blueorange Music\",\"isPartOf\":{\"@id\":\"https:\/\/blueorangemusic.com\/oshop\/#website\"},\"datePublished\":\"2016-07-16T10:45:42+00:00\",\"dateModified\":\"2019-04-21T08:33:42+00:00\",\"breadcrumb\":{\"@id\":\"https:\/\/blueorangemusic.com\/oshop\/versandkosten\/#breadcrumb\"},\"inLanguage\":\"de\",\"potentialAction\":[{\"@type\":\"ReadAction\",\"target\":[\"https:\/\/blueorangemusic.com\/oshop\/versandkosten\/\"]}]},{\"@type\":\"BreadcrumbList\",\"@id\":\"https:\/\/blueorangemusic.com\/oshop\/versandkosten\/#breadcrumb\",\"itemListElement\":[{\"@type\":\"ListItem\",\"position\":1,\"name\":\"Startseite\",\"item\":\"https:\/\/blueorangemusic.com\/oshop\/\"},{\"@type\":\"ListItem\",\"position\":2,\"name\":\"Versandkosten\"}]},{\"@type\":\"WebSite\",\"@id\":\"https:\/\/blueorangemusic.com\/oshop\/#website\",\"url\":\"https:\/\/blueorangemusic.com\/oshop\/\",\"name\":\"Blueorange Music\",\"description\":\"Musikverlag f\u00fcr p\u00e4dagogisches Material\",\"potentialAction\":[{\"@type\":\"SearchAction\",\"target\":{\"@type\":\"EntryPoint\",\"urlTemplate\":\"https:\/\/blueorangemusic.com\/oshop\/?s={search_term_string}\"},\"query-input\":{\"@type\":\"PropertyValueSpecification\",\"valueRequired\":true,\"valueName\":\"search_term_string\"}}],\"inLanguage\":\"de\"}]}<\/script>\n<!-- \/ Yoast SEO plugin. -->","yoast_head_json":{"title":"Versandkosten - Blueorange Music","robots":{"index":"index","follow":"follow","max-snippet":"max-snippet:-1","max-image-preview":"max-image-preview:large","max-video-preview":"max-video-preview:-1"},"canonical":"https:\/\/blueorangemusic.com\/oshop\/versandkosten\/","og_locale":"de_DE","og_type":"article","og_title":"Versandkosten - Blueorange Music","og_description":"Luxemburg: Versandkostenpauschale 2\u20ac (bis 500g), 3,3\u20ac (bis 2000g), 6\u20ac (mehr als 2000g) Deutschland, Belgien, Frankreich, Niederlande Versandkostenpauschale 3\u20ac (bis 500g), 5\u20ac (bis 2000g), 10\u20ac (mehr als 2000g) Europa &#8211; Zone 1: Andorra, D\u00e4nemark, \u00d6sterreich, Schweden, Schweiz, Slowenien, Vereinigtes K\u00f6nigreich Versandkostenpauschale 3\u20ac (bis 500g), 5\u20ac (bis 2000g), 18\u20ac (mehr als 2000g) Europa &#8211; Zone 2: Bulgarien, [...]","og_url":"https:\/\/blueorangemusic.com\/oshop\/versandkosten\/","og_site_name":"Blueorange Music","article_modified_time":"2019-04-21T08:33:42+00:00","twitter_card":"summary_large_image","schema":{"@context":"https:\/\/schema.org","@graph":[{"@type":"WebPage","@id":"https:\/\/blueorangemusic.com\/oshop\/versandkosten\/","url":"https:\/\/blueorangemusic.com\/oshop\/versandkosten\/","name":"Versandkosten - Blueorange Music","isPartOf":{"@id":"https:\/\/blueorangemusic.com\/oshop\/#website"},"datePublished":"2016-07-16T10:45:42+00:00","dateModified":"2019-04-21T08:33:42+00:00","breadcrumb":{"@id":"https:\/\/blueorangemusic.com\/oshop\/versandkosten\/#breadcrumb"},"inLanguage":"de","potentialAction":[{"@type":"ReadAction","target":["https:\/\/blueorangemusic.com\/oshop\/versandkosten\/"]}]},{"@type":"BreadcrumbList","@id":"https:\/\/blueorangemusic.com\/oshop\/versandkosten\/#breadcrumb","itemListElement":[{"@type":"ListItem","position":1,"name":"Startseite","item":"https:\/\/blueorangemusic.com\/oshop\/"},{"@type":"ListItem","position":2,"name":"Versandkosten"}]},{"@type":"WebSite","@id":"https:\/\/blueorangemusic.com\/oshop\/#website","url":"https:\/\/blueorangemusic.com\/oshop\/","name":"Blueorange Music","description":"Musikverlag f\u00fcr p\u00e4dagogisches Material","potentialAction":[{"@type":"SearchAction","target":{"@type":"EntryPoint","urlTemplate":"https:\/\/blueorangemusic.com\/oshop\/?s={search_term_string}"},"query-input":{"@type":"PropertyValueSpecification","valueRequired":true,"valueName":"search_term_string"}}],"inLanguage":"de"}]}},"_links":{"self":[{"href":"https:\/\/blueorangemusic.com\/oshop\/wp-json\/wp\/v2\/pages\/24","targetHints":{"allow":["GET"]}}],"collection":[{"href":"https:\/\/blueorangemusic.com\/oshop\/wp-json\/wp\/v2\/pages"}],"about":[{"href":"https:\/\/blueorangemusic.com\/oshop\/wp-json\/wp\/v2\/types\/page"}],"author":[{"embeddable":true,"href":"https:\/\/blueorangemusic.com\/oshop\/wp-json\/wp\/v2\/users\/1"}],"replies":[{"embeddable":true,"href":"https:\/\/blueorangemusic.com\/oshop\/wp-json\/wp\/v2\/comments?post=24"}],"version-history":[{"count":22,"href":"https:\/\/blueorangemusic.com\/oshop\/wp-json\/wp\/v2\/pages\/24\/revisions"}],"predecessor-version":[{"id":1038,"href":"https:\/\/blueorangemusic.com\/oshop\/wp-json\/wp\/v2\/pages\/24\/revisions\/1038"}],"wp:attachment":[{"href":"https:\/\/blueorangemusic.com\/oshop\/wp-json\/wp\/v2\/media?parent=24"}],"curies":[{"name":"wp","href":"https:\/\/api.w.org\/{rel}","templated":true}]}}