{"id":30,"date":"2016-07-16T13:29:36","date_gmt":"2016-07-16T11:29:36","guid":{"rendered":"http:\/\/blueorangemusic.com\/shop\/?page_id=30"},"modified":"2023-04-02T08:40:20","modified_gmt":"2023-04-02T06:40:20","slug":"p-altmann","status":"publish","type":"page","link":"https:\/\/blueorangemusic.com\/oshop\/","title":{"rendered":"News"},"content":{"rendered":"<h3><\/h3>\n<div class=\"row\"  id=\"row-1477805456\">\n\n\t<div id=\"col-1477663106\" class=\"col medium-2\/4 large-6\"  >\n\t\t\t\t<div class=\"col-inner\"  >\n\t\t\t\n\t\t\t\n<a href=\"https:\/\/blueorangemusic.com\/oshop\/produkt\/letzebuerger-pianosheft-3-georges-urwald\/\"><img decoding=\"async\" src=\"http:\/\/blueorangemusic.com\/lph\/LPH3_GU-Cover.jpg\"><\/a><br \/>\n\t\t<\/div>\n\t\t\t\t\t<\/div>\n\n\t\n\n\t<div id=\"col-1002721100\" class=\"col medium-2\/4 large-6\"  >\n\t\t\t\t<div class=\"col-inner\"  >\n\t\t\t\n\t\t\t <\/p>\n<h2>News<\/h2>\n<p>D&#8216;<strong>L\u00ebtzebuerger Pianosheft 3<\/strong> ass do!<br \/>\n12 Bekannte l\u00ebtzebuerger Lidder einfach arrang\u00e9iert fir Piano vum Georges Urwald. Disponibel an alle Museksgesch\u00e4fter a bei der Librairie Ernster.<br \/>\n<a href=\"https:\/\/blueorangemusic.com\/oshop\/produkt\/letzebuerger-pianosheft-3-georges-urwald\/\">Bestellt et hei!<\/a><br \/>\n\t\t<\/div>\n\t\t\t\t\t<\/div>\n\n\t\n<\/div>\n","protected":false},"excerpt":{"rendered":"","protected":false},"author":1,"featured_media":0,"parent":0,"menu_order":0,"comment_status":"closed","ping_status":"closed","template":"page-left-sidebar.php","meta":{"footnotes":""},"class_list":["post-30","page","type-page","status-publish","hentry"],"yoast_head":"<!-- This site is optimized with the Yoast SEO plugin v26.6 - https:\/\/yoast.com\/wordpress\/plugins\/seo\/ -->\n<title>News - Blueorange Music<\/title>\n<meta name=\"robots\" content=\"index, follow, max-snippet:-1, max-image-preview:large, max-video-preview:-1\" \/>\n<link rel=\"canonical\" href=\"https:\/\/blueorangemusic.com\/oshop\/\" \/>\n<meta property=\"og:locale\" content=\"de_DE\" \/>\n<meta property=\"og:type\" content=\"article\" \/>\n<meta property=\"og:title\" content=\"News - Blueorange Music\" \/>\n<meta property=\"og:url\" content=\"https:\/\/blueorangemusic.com\/oshop\/\" \/>\n<meta property=\"og:site_name\" content=\"Blueorange Music\" \/>\n<meta property=\"article:modified_time\" content=\"2023-04-02T06:40:20+00:00\" \/>\n<meta property=\"og:image\" content=\"http:\/\/blueorangemusic.com\/lph\/LPH3_GU-Cover.jpg\" \/>\n<meta name=\"twitter:card\" content=\"summary_large_image\" \/>\n<meta name=\"twitter:label1\" content=\"Gesch\u00e4tzte Lesezeit\" \/>\n\t<meta name=\"twitter:data1\" content=\"1\u00a0Minute\" \/>\n<script type=\"application\/ld+json\" class=\"yoast-schema-graph\">{\"@context\":\"https:\/\/schema.org\",\"@graph\":[{\"@type\":\"WebPage\",\"@id\":\"https:\/\/blueorangemusic.com\/oshop\/\",\"url\":\"https:\/\/blueorangemusic.com\/oshop\/\",\"name\":\"News - Blueorange Music\",\"isPartOf\":{\"@id\":\"https:\/\/blueorangemusic.com\/oshop\/#website\"},\"primaryImageOfPage\":{\"@id\":\"https:\/\/blueorangemusic.com\/oshop\/#primaryimage\"},\"image\":{\"@id\":\"https:\/\/blueorangemusic.com\/oshop\/#primaryimage\"},\"thumbnailUrl\":\"http:\/\/blueorangemusic.com\/lph\/LPH3_GU-Cover.jpg\",\"datePublished\":\"2016-07-16T11:29:36+00:00\",\"dateModified\":\"2023-04-02T06:40:20+00:00\",\"breadcrumb\":{\"@id\":\"https:\/\/blueorangemusic.com\/oshop\/#breadcrumb\"},\"inLanguage\":\"de\",\"potentialAction\":[{\"@type\":\"ReadAction\",\"target\":[\"https:\/\/blueorangemusic.com\/oshop\/\"]}]},{\"@type\":\"ImageObject\",\"inLanguage\":\"de\",\"@id\":\"https:\/\/blueorangemusic.com\/oshop\/#primaryimage\",\"url\":\"http:\/\/blueorangemusic.com\/lph\/LPH3_GU-Cover.jpg\",\"contentUrl\":\"http:\/\/blueorangemusic.com\/lph\/LPH3_GU-Cover.jpg\"},{\"@type\":\"BreadcrumbList\",\"@id\":\"https:\/\/blueorangemusic.com\/oshop\/#breadcrumb\",\"itemListElement\":[{\"@type\":\"ListItem\",\"position\":1,\"name\":\"Startseite\",\"item\":\"https:\/\/blueorangemusic.com\/oshop\/\"},{\"@type\":\"ListItem\",\"position\":2,\"name\":\"News\"}]},{\"@type\":\"WebSite\",\"@id\":\"https:\/\/blueorangemusic.com\/oshop\/#website\",\"url\":\"https:\/\/blueorangemusic.com\/oshop\/\",\"name\":\"Blueorange Music\",\"description\":\"Musikverlag f\u00fcr p\u00e4dagogisches Material\",\"potentialAction\":[{\"@type\":\"SearchAction\",\"target\":{\"@type\":\"EntryPoint\",\"urlTemplate\":\"https:\/\/blueorangemusic.com\/oshop\/?s={search_term_string}\"},\"query-input\":{\"@type\":\"PropertyValueSpecification\",\"valueRequired\":true,\"valueName\":\"search_term_string\"}}],\"inLanguage\":\"de\"}]}<\/script>\n<!-- \/ Yoast SEO plugin. -->","yoast_head_json":{"title":"News - Blueorange Music","robots":{"index":"index","follow":"follow","max-snippet":"max-snippet:-1","max-image-preview":"max-image-preview:large","max-video-preview":"max-video-preview:-1"},"canonical":"https:\/\/blueorangemusic.com\/oshop\/","og_locale":"de_DE","og_type":"article","og_title":"News - Blueorange Music","og_url":"https:\/\/blueorangemusic.com\/oshop\/","og_site_name":"Blueorange Music","article_modified_time":"2023-04-02T06:40:20+00:00","og_image":[{"url":"http:\/\/blueorangemusic.com\/lph\/LPH3_GU-Cover.jpg","type":"","width":"","height":""}],"twitter_card":"summary_large_image","twitter_misc":{"Gesch\u00e4tzte Lesezeit":"1\u00a0Minute"},"schema":{"@context":"https:\/\/schema.org","@graph":[{"@type":"WebPage","@id":"https:\/\/blueorangemusic.com\/oshop\/","url":"https:\/\/blueorangemusic.com\/oshop\/","name":"News - Blueorange Music","isPartOf":{"@id":"https:\/\/blueorangemusic.com\/oshop\/#website"},"primaryImageOfPage":{"@id":"https:\/\/blueorangemusic.com\/oshop\/#primaryimage"},"image":{"@id":"https:\/\/blueorangemusic.com\/oshop\/#primaryimage"},"thumbnailUrl":"http:\/\/blueorangemusic.com\/lph\/LPH3_GU-Cover.jpg","datePublished":"2016-07-16T11:29:36+00:00","dateModified":"2023-04-02T06:40:20+00:00","breadcrumb":{"@id":"https:\/\/blueorangemusic.com\/oshop\/#breadcrumb"},"inLanguage":"de","potentialAction":[{"@type":"ReadAction","target":["https:\/\/blueorangemusic.com\/oshop\/"]}]},{"@type":"ImageObject","inLanguage":"de","@id":"https:\/\/blueorangemusic.com\/oshop\/#primaryimage","url":"http:\/\/blueorangemusic.com\/lph\/LPH3_GU-Cover.jpg","contentUrl":"http:\/\/blueorangemusic.com\/lph\/LPH3_GU-Cover.jpg"},{"@type":"BreadcrumbList","@id":"https:\/\/blueorangemusic.com\/oshop\/#breadcrumb","itemListElement":[{"@type":"ListItem","position":1,"name":"Startseite","item":"https:\/\/blueorangemusic.com\/oshop\/"},{"@type":"ListItem","position":2,"name":"News"}]},{"@type":"WebSite","@id":"https:\/\/blueorangemusic.com\/oshop\/#website","url":"https:\/\/blueorangemusic.com\/oshop\/","name":"Blueorange Music","description":"Musikverlag f\u00fcr p\u00e4dagogisches Material","potentialAction":[{"@type":"SearchAction","target":{"@type":"EntryPoint","urlTemplate":"https:\/\/blueorangemusic.com\/oshop\/?s={search_term_string}"},"query-input":{"@type":"PropertyValueSpecification","valueRequired":true,"valueName":"search_term_string"}}],"inLanguage":"de"}]}},"_links":{"self":[{"href":"https:\/\/blueorangemusic.com\/oshop\/wp-json\/wp\/v2\/pages\/30","targetHints":{"allow":["GET"]}}],"collection":[{"href":"https:\/\/blueorangemusic.com\/oshop\/wp-json\/wp\/v2\/pages"}],"about":[{"href":"https:\/\/blueorangemusic.com\/oshop\/wp-json\/wp\/v2\/types\/page"}],"author":[{"embeddable":true,"href":"https:\/\/blueorangemusic.com\/oshop\/wp-json\/wp\/v2\/users\/1"}],"replies":[{"embeddable":true,"href":"https:\/\/blueorangemusic.com\/oshop\/wp-json\/wp\/v2\/comments?post=30"}],"version-history":[{"count":105,"href":"https:\/\/blueorangemusic.com\/oshop\/wp-json\/wp\/v2\/pages\/30\/revisions"}],"predecessor-version":[{"id":5684,"href":"https:\/\/blueorangemusic.com\/oshop\/wp-json\/wp\/v2\/pages\/30\/revisions\/5684"}],"wp:attachment":[{"href":"https:\/\/blueorangemusic.com\/oshop\/wp-json\/wp\/v2\/media?parent=30"}],"curies":[{"name":"wp","href":"https:\/\/api.w.org\/{rel}","templated":true}]}}