{"id":1083,"date":"2019-05-25T09:02:21","date_gmt":"2019-05-25T07:02:21","guid":{"rendered":"https:\/\/blueorangemusic.com\/oshop\/?post_type=product&#038;p=1083"},"modified":"2021-07-17T03:52:43","modified_gmt":"2021-07-17T01:52:43","slug":"eng-cd-voller-musek-micky-thein","status":"publish","type":"product","link":"https:\/\/blueorangemusic.com\/oshop\/produkt\/eng-cd-voller-musek-micky-thein\/","title":{"rendered":"Eng CD voller Musek | Micky Thein"},"content":{"rendered":"<p>Op d\u00ebser CD fann Dir d&#8217;Lidder aus dem <a href=\"https:\/\/blueorangemusic.com\/oshop\/produkt\/e-buch-voller-musek-schuelerbuch-micky-thein\/\">\u00bbBuch voller Musek\u00ab<\/a>. Vun all Lidd ginn et zwou Versiounen, eng Playback Versioun an eng Versioun mat Melodie.<\/p>\n<p>Am Bichelche vun der CD fann Dir all d&#8217;Texter vun de Lidder a k\u00ebnnt esou schnell matsangen. Also vill Spaass!<\/p>\n<p>Lafz\u00e4it vun der CD: 27min22s<\/p>\n<table style=\"border: 1px solid black;\">\n<tbody>\n<tr>\n<td align=\"center\" width=\"110px\"><img decoding=\"async\" class=\"aligncenter wp-image-660\" src=\"https:\/\/blueorangemusic.com\/oshop\/wp-content\/uploads\/2018\/05\/sacem-logo.png\" alt=\"\" width=\"100\" height=\"40\" \/><\/td>\n<td style=\"font-size: 8pt;\">Ce service respecte le droit d\u2019auteur. Tous les droits des auteurs des \u0153uvres prot\u00e9g\u00e9es reproduites\u00a0<span class=\"boomerang-time-zone\">et<\/span>\u00a0communiqu\u00e9es sur ce site, sont r\u00e9serv\u00e9s. Sauf autorisation expresse, toute utilisation des \u0153uvres autres que le t\u00e9l\u00e9chargement dans le cadre du cercle de famille sont interdites.<\/td>\n<\/tr>\n<\/tbody>\n<\/table>\n<audio class=\"wp-audio-shortcode\" id=\"audio-1083-1\" preload=\"none\" style=\"width: 100%;\" controls=\"controls\"><source type=\"audio\/mpeg\" src=\"https:\/\/blueorangemusic.com\/oshop\/wp-content\/uploads\/2016\/10\/ECDVM_Preview.mp3?_=1\" \/><a href=\"https:\/\/blueorangemusic.com\/oshop\/wp-content\/uploads\/2016\/10\/ECDVM_Preview.mp3\">https:\/\/blueorangemusic.com\/oshop\/wp-content\/uploads\/2016\/10\/ECDVM_Preview.mp3<\/a><\/audio>\n","protected":false},"excerpt":{"rendered":"<p>fir den Eveil Musical<\/p>\n","protected":false},"featured_media":1085,"comment_status":"open","ping_status":"closed","template":"","meta":[],"product_brand":[],"product_cat":[52],"product_tag":[],"class_list":{"0":"post-1083","1":"product","2":"type-product","3":"status-publish","4":"has-post-thumbnail","6":"product_cat-eveil-musical","7":"product_shipping_class-max500g","9":"first","10":"instock","11":"taxable","12":"shipping-taxable","13":"purchasable","14":"product-type-simple"},"yoast_head":"<!-- This site is optimized with the Yoast SEO plugin v26.6 - https:\/\/yoast.com\/wordpress\/plugins\/seo\/ -->\n<title>Eng CD voller Musek | Micky Thein - Blueorange Music<\/title>\n<meta name=\"robots\" content=\"index, follow, max-snippet:-1, max-image-preview:large, max-video-preview:-1\" \/>\n<link rel=\"canonical\" href=\"https:\/\/blueorangemusic.com\/oshop\/produkt\/eng-cd-voller-musek-micky-thein\/\" \/>\n<meta property=\"og:locale\" content=\"de_DE\" \/>\n<meta property=\"og:type\" content=\"article\" \/>\n<meta property=\"og:title\" content=\"Eng CD voller Musek | Micky Thein - Blueorange Music\" \/>\n<meta property=\"og:description\" content=\"fir den Eveil Musical\" \/>\n<meta property=\"og:url\" content=\"https:\/\/blueorangemusic.com\/oshop\/produkt\/eng-cd-voller-musek-micky-thein\/\" \/>\n<meta property=\"og:site_name\" content=\"Blueorange Music\" \/>\n<meta property=\"article:modified_time\" content=\"2021-07-17T01:52:43+00:00\" \/>\n<meta property=\"og:image\" content=\"https:\/\/blueorangemusic.com\/oshop\/wp-content\/uploads\/2019\/05\/cover_ecdvm_produktbild.png\" \/>\n\t<meta property=\"og:image:width\" content=\"800\" \/>\n\t<meta property=\"og:image:height\" content=\"912\" \/>\n\t<meta property=\"og:image:type\" content=\"image\/png\" \/>\n<meta name=\"twitter:card\" content=\"summary_large_image\" \/>\n<meta name=\"twitter:label1\" content=\"Gesch\u00e4tzte Lesezeit\" \/>\n\t<meta name=\"twitter:data1\" content=\"1\u00a0Minute\" \/>\n<script type=\"application\/ld+json\" class=\"yoast-schema-graph\">{\"@context\":\"https:\/\/schema.org\",\"@graph\":[{\"@type\":\"WebPage\",\"@id\":\"https:\/\/blueorangemusic.com\/oshop\/produkt\/eng-cd-voller-musek-micky-thein\/\",\"url\":\"https:\/\/blueorangemusic.com\/oshop\/produkt\/eng-cd-voller-musek-micky-thein\/\",\"name\":\"Eng CD voller Musek | Micky Thein - Blueorange Music\",\"isPartOf\":{\"@id\":\"https:\/\/blueorangemusic.com\/oshop\/#website\"},\"primaryImageOfPage\":{\"@id\":\"https:\/\/blueorangemusic.com\/oshop\/produkt\/eng-cd-voller-musek-micky-thein\/#primaryimage\"},\"image\":{\"@id\":\"https:\/\/blueorangemusic.com\/oshop\/produkt\/eng-cd-voller-musek-micky-thein\/#primaryimage\"},\"thumbnailUrl\":\"https:\/\/blueorangemusic.com\/oshop\/wp-content\/uploads\/2019\/05\/cover_ecdvm_produktbild.png\",\"datePublished\":\"2019-05-25T07:02:21+00:00\",\"dateModified\":\"2021-07-17T01:52:43+00:00\",\"breadcrumb\":{\"@id\":\"https:\/\/blueorangemusic.com\/oshop\/produkt\/eng-cd-voller-musek-micky-thein\/#breadcrumb\"},\"inLanguage\":\"de\",\"potentialAction\":[{\"@type\":\"ReadAction\",\"target\":[\"https:\/\/blueorangemusic.com\/oshop\/produkt\/eng-cd-voller-musek-micky-thein\/\"]}]},{\"@type\":\"ImageObject\",\"inLanguage\":\"de\",\"@id\":\"https:\/\/blueorangemusic.com\/oshop\/produkt\/eng-cd-voller-musek-micky-thein\/#primaryimage\",\"url\":\"https:\/\/blueorangemusic.com\/oshop\/wp-content\/uploads\/2019\/05\/cover_ecdvm_produktbild.png\",\"contentUrl\":\"https:\/\/blueorangemusic.com\/oshop\/wp-content\/uploads\/2019\/05\/cover_ecdvm_produktbild.png\",\"width\":800,\"height\":912},{\"@type\":\"BreadcrumbList\",\"@id\":\"https:\/\/blueorangemusic.com\/oshop\/produkt\/eng-cd-voller-musek-micky-thein\/#breadcrumb\",\"itemListElement\":[{\"@type\":\"ListItem\",\"position\":1,\"name\":\"Startseite\",\"item\":\"https:\/\/blueorangemusic.com\/oshop\/\"},{\"@type\":\"ListItem\",\"position\":2,\"name\":\"Shop\",\"item\":\"https:\/\/blueorangemusic.com\/oshop\/shop\/\"},{\"@type\":\"ListItem\",\"position\":3,\"name\":\"Eng CD voller Musek | Micky Thein\"}]},{\"@type\":\"WebSite\",\"@id\":\"https:\/\/blueorangemusic.com\/oshop\/#website\",\"url\":\"https:\/\/blueorangemusic.com\/oshop\/\",\"name\":\"Blueorange Music\",\"description\":\"Musikverlag f\u00fcr p\u00e4dagogisches Material\",\"potentialAction\":[{\"@type\":\"SearchAction\",\"target\":{\"@type\":\"EntryPoint\",\"urlTemplate\":\"https:\/\/blueorangemusic.com\/oshop\/?s={search_term_string}\"},\"query-input\":{\"@type\":\"PropertyValueSpecification\",\"valueRequired\":true,\"valueName\":\"search_term_string\"}}],\"inLanguage\":\"de\"}]}<\/script>\n<!-- \/ Yoast SEO plugin. -->","yoast_head_json":{"title":"Eng CD voller Musek | Micky Thein - Blueorange Music","robots":{"index":"index","follow":"follow","max-snippet":"max-snippet:-1","max-image-preview":"max-image-preview:large","max-video-preview":"max-video-preview:-1"},"canonical":"https:\/\/blueorangemusic.com\/oshop\/produkt\/eng-cd-voller-musek-micky-thein\/","og_locale":"de_DE","og_type":"article","og_title":"Eng CD voller Musek | Micky Thein - Blueorange Music","og_description":"fir den Eveil Musical","og_url":"https:\/\/blueorangemusic.com\/oshop\/produkt\/eng-cd-voller-musek-micky-thein\/","og_site_name":"Blueorange Music","article_modified_time":"2021-07-17T01:52:43+00:00","og_image":[{"width":800,"height":912,"url":"https:\/\/blueorangemusic.com\/oshop\/wp-content\/uploads\/2019\/05\/cover_ecdvm_produktbild.png","type":"image\/png"}],"twitter_card":"summary_large_image","twitter_misc":{"Gesch\u00e4tzte Lesezeit":"1\u00a0Minute"},"schema":{"@context":"https:\/\/schema.org","@graph":[{"@type":"WebPage","@id":"https:\/\/blueorangemusic.com\/oshop\/produkt\/eng-cd-voller-musek-micky-thein\/","url":"https:\/\/blueorangemusic.com\/oshop\/produkt\/eng-cd-voller-musek-micky-thein\/","name":"Eng CD voller Musek | Micky Thein - Blueorange Music","isPartOf":{"@id":"https:\/\/blueorangemusic.com\/oshop\/#website"},"primaryImageOfPage":{"@id":"https:\/\/blueorangemusic.com\/oshop\/produkt\/eng-cd-voller-musek-micky-thein\/#primaryimage"},"image":{"@id":"https:\/\/blueorangemusic.com\/oshop\/produkt\/eng-cd-voller-musek-micky-thein\/#primaryimage"},"thumbnailUrl":"https:\/\/blueorangemusic.com\/oshop\/wp-content\/uploads\/2019\/05\/cover_ecdvm_produktbild.png","datePublished":"2019-05-25T07:02:21+00:00","dateModified":"2021-07-17T01:52:43+00:00","breadcrumb":{"@id":"https:\/\/blueorangemusic.com\/oshop\/produkt\/eng-cd-voller-musek-micky-thein\/#breadcrumb"},"inLanguage":"de","potentialAction":[{"@type":"ReadAction","target":["https:\/\/blueorangemusic.com\/oshop\/produkt\/eng-cd-voller-musek-micky-thein\/"]}]},{"@type":"ImageObject","inLanguage":"de","@id":"https:\/\/blueorangemusic.com\/oshop\/produkt\/eng-cd-voller-musek-micky-thein\/#primaryimage","url":"https:\/\/blueorangemusic.com\/oshop\/wp-content\/uploads\/2019\/05\/cover_ecdvm_produktbild.png","contentUrl":"https:\/\/blueorangemusic.com\/oshop\/wp-content\/uploads\/2019\/05\/cover_ecdvm_produktbild.png","width":800,"height":912},{"@type":"BreadcrumbList","@id":"https:\/\/blueorangemusic.com\/oshop\/produkt\/eng-cd-voller-musek-micky-thein\/#breadcrumb","itemListElement":[{"@type":"ListItem","position":1,"name":"Startseite","item":"https:\/\/blueorangemusic.com\/oshop\/"},{"@type":"ListItem","position":2,"name":"Shop","item":"https:\/\/blueorangemusic.com\/oshop\/shop\/"},{"@type":"ListItem","position":3,"name":"Eng CD voller Musek | Micky Thein"}]},{"@type":"WebSite","@id":"https:\/\/blueorangemusic.com\/oshop\/#website","url":"https:\/\/blueorangemusic.com\/oshop\/","name":"Blueorange Music","description":"Musikverlag f\u00fcr p\u00e4dagogisches Material","potentialAction":[{"@type":"SearchAction","target":{"@type":"EntryPoint","urlTemplate":"https:\/\/blueorangemusic.com\/oshop\/?s={search_term_string}"},"query-input":{"@type":"PropertyValueSpecification","valueRequired":true,"valueName":"search_term_string"}}],"inLanguage":"de"}]}},"_links":{"self":[{"href":"https:\/\/blueorangemusic.com\/oshop\/wp-json\/wp\/v2\/product\/1083","targetHints":{"allow":["GET"]}}],"collection":[{"href":"https:\/\/blueorangemusic.com\/oshop\/wp-json\/wp\/v2\/product"}],"about":[{"href":"https:\/\/blueorangemusic.com\/oshop\/wp-json\/wp\/v2\/types\/product"}],"replies":[{"embeddable":true,"href":"https:\/\/blueorangemusic.com\/oshop\/wp-json\/wp\/v2\/comments?post=1083"}],"wp:featuredmedia":[{"embeddable":true,"href":"https:\/\/blueorangemusic.com\/oshop\/wp-json\/wp\/v2\/media\/1085"}],"wp:attachment":[{"href":"https:\/\/blueorangemusic.com\/oshop\/wp-json\/wp\/v2\/media?parent=1083"}],"wp:term":[{"taxonomy":"product_brand","embeddable":true,"href":"https:\/\/blueorangemusic.com\/oshop\/wp-json\/wp\/v2\/product_brand?post=1083"},{"taxonomy":"product_cat","embeddable":true,"href":"https:\/\/blueorangemusic.com\/oshop\/wp-json\/wp\/v2\/product_cat?post=1083"},{"taxonomy":"product_tag","embeddable":true,"href":"https:\/\/blueorangemusic.com\/oshop\/wp-json\/wp\/v2\/product_tag?post=1083"}],"curies":[{"name":"wp","href":"https:\/\/api.w.org\/{rel}","templated":true}]}}