{"id":273,"date":"2016-09-13T20:17:14","date_gmt":"2016-09-13T18:17:14","guid":{"rendered":"http:\/\/blueorangemusic.com\/shop\/?post_type=product&#038;p=273"},"modified":"2021-08-22T04:29:49","modified_gmt":"2021-08-22T02:29:49","slug":"fiedel-max-geieschoul","status":"publish","type":"product","link":"https:\/\/blueorangemusic.com\/oshop\/produkt\/fiedel-max-geieschoul\/","title":{"rendered":"Fiedel-Max, Geieschoul fir d\u00e9i ganz Kleng | A.Holzer-Rhomberg"},"content":{"rendered":"<p>De Fiedel-Max l\u00e9iert L\u00ebtzebuergesch! Den \u00e9ischte Band vun der bekannter &#8222;Fiedel-Max&#8220; Sammlung (&#8222;Vorschule f\u00fcr Violine&#8220;) ass vum Carole Mallinger-Leyers op L\u00ebtzebuergesch iwwersat ginn.<\/p>\n<p>D&#8217;Buch riicht sech u Kanner am Alter vu 4-6 Joer di Gei w\u00eblle l\u00e9ieren an nach kee Kontakt mam Solf\u00e8ge haten.<br \/>\nAn deem Alter k\u00ebnnen d&#8217;Kanner weder liesen, nach D\u00e4itsch schw\u00e4tzen, dofir ass et wichteg datt si eng Geieschoul hunn di an hirer Sprooch geschriwwen ass.<\/p>\n<p>An d\u00ebsem Buch ginn op kandgerecht Aart a Weis wichteg Theme w\u00e9i zum Beispill Spillhaltung a Spillbewegung behandelt. Esou f\u00ebnnt de Sch\u00fcler en flotten Zougang zur Musek an l\u00e9iert mat Begeeschterung an op spilleresch Aart a Weis Gei spillen.<br \/>\nZum Buch geh\u00e9iert och eng CD op d\u00e4r d&#8217;Begleedungen zu deenen 32 Lidder aus dem Buch ze fanne sinn.<\/p>\n<p>ISMN 979-0-803876-06-3<\/p>\n<p><img decoding=\"async\" class=\"alignnone wp-image-358 size-full\" src=\"https:\/\/blueorangemusic.com\/shop\/wp-content\/uploads\/2016\/10\/minist\u00e8re-de-la-culture-RGB.png\" alt=\"ministere-de-la-culture\" width=\"350\" srcset=\"https:\/\/blueorangemusic.com\/oshop\/wp-content\/uploads\/2016\/10\/minist\u00e8re-de-la-culture-RGB.png 625w, https:\/\/blueorangemusic.com\/oshop\/wp-content\/uploads\/2016\/10\/minist\u00e8re-de-la-culture-RGB-510x169.png 510w\" sizes=\"(max-width: 625px) 100vw, 625px\" \/><\/p>\n","protected":false},"excerpt":{"rendered":"<p>op L\u00ebtzebuergesch iwwersat\u00a0vum Carole Mallinger-Leyers<\/p>\n","protected":false},"featured_media":360,"comment_status":"open","ping_status":"closed","template":"","meta":[],"product_brand":[],"product_cat":[47],"product_tag":[],"class_list":{"0":"post-273","1":"product","2":"type-product","3":"status-publish","4":"has-post-thumbnail","6":"product_cat-violine","7":"product_shipping_class-max500g","9":"first","10":"instock","11":"taxable","12":"shipping-taxable","13":"purchasable","14":"product-type-simple"},"yoast_head":"<!-- This site is optimized with the Yoast SEO plugin v26.6 - https:\/\/yoast.com\/wordpress\/plugins\/seo\/ -->\n<title>Fiedel-Max, Geieschoul fir d\u00e9i ganz Kleng | A.Holzer-Rhomberg - Blueorange Music<\/title>\n<meta name=\"robots\" content=\"index, follow, max-snippet:-1, max-image-preview:large, max-video-preview:-1\" \/>\n<link rel=\"canonical\" href=\"https:\/\/blueorangemusic.com\/oshop\/produkt\/fiedel-max-geieschoul\/\" \/>\n<meta property=\"og:locale\" content=\"de_DE\" \/>\n<meta property=\"og:type\" content=\"article\" \/>\n<meta property=\"og:title\" content=\"Fiedel-Max, Geieschoul fir d\u00e9i ganz Kleng | A.Holzer-Rhomberg - Blueorange Music\" \/>\n<meta property=\"og:description\" content=\"op L\u00ebtzebuergesch iwwersat\u00a0vum Carole Mallinger-Leyers\" \/>\n<meta property=\"og:url\" content=\"https:\/\/blueorangemusic.com\/oshop\/produkt\/fiedel-max-geieschoul\/\" \/>\n<meta property=\"og:site_name\" content=\"Blueorange Music\" \/>\n<meta property=\"article:modified_time\" content=\"2021-08-22T02:29:49+00:00\" \/>\n<meta property=\"og:image\" content=\"https:\/\/blueorangemusic.com\/oshop\/wp-content\/uploads\/2016\/10\/FM_Cover_Buch_V2.jpg\" \/>\n\t<meta property=\"og:image:width\" content=\"800\" \/>\n\t<meta property=\"og:image:height\" content=\"941\" \/>\n\t<meta property=\"og:image:type\" content=\"image\/jpeg\" \/>\n<meta name=\"twitter:card\" content=\"summary_large_image\" \/>\n<meta name=\"twitter:label1\" content=\"Gesch\u00e4tzte Lesezeit\" \/>\n\t<meta name=\"twitter:data1\" content=\"1\u00a0Minute\" \/>\n<script type=\"application\/ld+json\" class=\"yoast-schema-graph\">{\"@context\":\"https:\/\/schema.org\",\"@graph\":[{\"@type\":\"WebPage\",\"@id\":\"https:\/\/blueorangemusic.com\/oshop\/produkt\/fiedel-max-geieschoul\/\",\"url\":\"https:\/\/blueorangemusic.com\/oshop\/produkt\/fiedel-max-geieschoul\/\",\"name\":\"Fiedel-Max, Geieschoul fir d\u00e9i ganz Kleng | A.Holzer-Rhomberg - Blueorange Music\",\"isPartOf\":{\"@id\":\"https:\/\/blueorangemusic.com\/oshop\/#website\"},\"primaryImageOfPage\":{\"@id\":\"https:\/\/blueorangemusic.com\/oshop\/produkt\/fiedel-max-geieschoul\/#primaryimage\"},\"image\":{\"@id\":\"https:\/\/blueorangemusic.com\/oshop\/produkt\/fiedel-max-geieschoul\/#primaryimage\"},\"thumbnailUrl\":\"https:\/\/blueorangemusic.com\/oshop\/wp-content\/uploads\/2016\/10\/FM_Cover_Buch_V2.jpg\",\"datePublished\":\"2016-09-13T18:17:14+00:00\",\"dateModified\":\"2021-08-22T02:29:49+00:00\",\"breadcrumb\":{\"@id\":\"https:\/\/blueorangemusic.com\/oshop\/produkt\/fiedel-max-geieschoul\/#breadcrumb\"},\"inLanguage\":\"de\",\"potentialAction\":[{\"@type\":\"ReadAction\",\"target\":[\"https:\/\/blueorangemusic.com\/oshop\/produkt\/fiedel-max-geieschoul\/\"]}]},{\"@type\":\"ImageObject\",\"inLanguage\":\"de\",\"@id\":\"https:\/\/blueorangemusic.com\/oshop\/produkt\/fiedel-max-geieschoul\/#primaryimage\",\"url\":\"https:\/\/blueorangemusic.com\/oshop\/wp-content\/uploads\/2016\/10\/FM_Cover_Buch_V2.jpg\",\"contentUrl\":\"https:\/\/blueorangemusic.com\/oshop\/wp-content\/uploads\/2016\/10\/FM_Cover_Buch_V2.jpg\",\"width\":800,\"height\":941},{\"@type\":\"BreadcrumbList\",\"@id\":\"https:\/\/blueorangemusic.com\/oshop\/produkt\/fiedel-max-geieschoul\/#breadcrumb\",\"itemListElement\":[{\"@type\":\"ListItem\",\"position\":1,\"name\":\"Startseite\",\"item\":\"https:\/\/blueorangemusic.com\/oshop\/\"},{\"@type\":\"ListItem\",\"position\":2,\"name\":\"Shop\",\"item\":\"https:\/\/blueorangemusic.com\/oshop\/shop\/\"},{\"@type\":\"ListItem\",\"position\":3,\"name\":\"Fiedel-Max, Geieschoul fir d\u00e9i ganz Kleng | A.Holzer-Rhomberg\"}]},{\"@type\":\"WebSite\",\"@id\":\"https:\/\/blueorangemusic.com\/oshop\/#website\",\"url\":\"https:\/\/blueorangemusic.com\/oshop\/\",\"name\":\"Blueorange Music\",\"description\":\"Musikverlag f\u00fcr p\u00e4dagogisches Material\",\"potentialAction\":[{\"@type\":\"SearchAction\",\"target\":{\"@type\":\"EntryPoint\",\"urlTemplate\":\"https:\/\/blueorangemusic.com\/oshop\/?s={search_term_string}\"},\"query-input\":{\"@type\":\"PropertyValueSpecification\",\"valueRequired\":true,\"valueName\":\"search_term_string\"}}],\"inLanguage\":\"de\"}]}<\/script>\n<!-- \/ Yoast SEO plugin. -->","yoast_head_json":{"title":"Fiedel-Max, Geieschoul fir d\u00e9i ganz Kleng | A.Holzer-Rhomberg - Blueorange Music","robots":{"index":"index","follow":"follow","max-snippet":"max-snippet:-1","max-image-preview":"max-image-preview:large","max-video-preview":"max-video-preview:-1"},"canonical":"https:\/\/blueorangemusic.com\/oshop\/produkt\/fiedel-max-geieschoul\/","og_locale":"de_DE","og_type":"article","og_title":"Fiedel-Max, Geieschoul fir d\u00e9i ganz Kleng | A.Holzer-Rhomberg - Blueorange Music","og_description":"op L\u00ebtzebuergesch iwwersat\u00a0vum Carole Mallinger-Leyers","og_url":"https:\/\/blueorangemusic.com\/oshop\/produkt\/fiedel-max-geieschoul\/","og_site_name":"Blueorange Music","article_modified_time":"2021-08-22T02:29:49+00:00","og_image":[{"width":800,"height":941,"url":"https:\/\/blueorangemusic.com\/oshop\/wp-content\/uploads\/2016\/10\/FM_Cover_Buch_V2.jpg","type":"image\/jpeg"}],"twitter_card":"summary_large_image","twitter_misc":{"Gesch\u00e4tzte Lesezeit":"1\u00a0Minute"},"schema":{"@context":"https:\/\/schema.org","@graph":[{"@type":"WebPage","@id":"https:\/\/blueorangemusic.com\/oshop\/produkt\/fiedel-max-geieschoul\/","url":"https:\/\/blueorangemusic.com\/oshop\/produkt\/fiedel-max-geieschoul\/","name":"Fiedel-Max, Geieschoul fir d\u00e9i ganz Kleng | A.Holzer-Rhomberg - Blueorange Music","isPartOf":{"@id":"https:\/\/blueorangemusic.com\/oshop\/#website"},"primaryImageOfPage":{"@id":"https:\/\/blueorangemusic.com\/oshop\/produkt\/fiedel-max-geieschoul\/#primaryimage"},"image":{"@id":"https:\/\/blueorangemusic.com\/oshop\/produkt\/fiedel-max-geieschoul\/#primaryimage"},"thumbnailUrl":"https:\/\/blueorangemusic.com\/oshop\/wp-content\/uploads\/2016\/10\/FM_Cover_Buch_V2.jpg","datePublished":"2016-09-13T18:17:14+00:00","dateModified":"2021-08-22T02:29:49+00:00","breadcrumb":{"@id":"https:\/\/blueorangemusic.com\/oshop\/produkt\/fiedel-max-geieschoul\/#breadcrumb"},"inLanguage":"de","potentialAction":[{"@type":"ReadAction","target":["https:\/\/blueorangemusic.com\/oshop\/produkt\/fiedel-max-geieschoul\/"]}]},{"@type":"ImageObject","inLanguage":"de","@id":"https:\/\/blueorangemusic.com\/oshop\/produkt\/fiedel-max-geieschoul\/#primaryimage","url":"https:\/\/blueorangemusic.com\/oshop\/wp-content\/uploads\/2016\/10\/FM_Cover_Buch_V2.jpg","contentUrl":"https:\/\/blueorangemusic.com\/oshop\/wp-content\/uploads\/2016\/10\/FM_Cover_Buch_V2.jpg","width":800,"height":941},{"@type":"BreadcrumbList","@id":"https:\/\/blueorangemusic.com\/oshop\/produkt\/fiedel-max-geieschoul\/#breadcrumb","itemListElement":[{"@type":"ListItem","position":1,"name":"Startseite","item":"https:\/\/blueorangemusic.com\/oshop\/"},{"@type":"ListItem","position":2,"name":"Shop","item":"https:\/\/blueorangemusic.com\/oshop\/shop\/"},{"@type":"ListItem","position":3,"name":"Fiedel-Max, Geieschoul fir d\u00e9i ganz Kleng | A.Holzer-Rhomberg"}]},{"@type":"WebSite","@id":"https:\/\/blueorangemusic.com\/oshop\/#website","url":"https:\/\/blueorangemusic.com\/oshop\/","name":"Blueorange Music","description":"Musikverlag f\u00fcr p\u00e4dagogisches Material","potentialAction":[{"@type":"SearchAction","target":{"@type":"EntryPoint","urlTemplate":"https:\/\/blueorangemusic.com\/oshop\/?s={search_term_string}"},"query-input":{"@type":"PropertyValueSpecification","valueRequired":true,"valueName":"search_term_string"}}],"inLanguage":"de"}]}},"_links":{"self":[{"href":"https:\/\/blueorangemusic.com\/oshop\/wp-json\/wp\/v2\/product\/273","targetHints":{"allow":["GET"]}}],"collection":[{"href":"https:\/\/blueorangemusic.com\/oshop\/wp-json\/wp\/v2\/product"}],"about":[{"href":"https:\/\/blueorangemusic.com\/oshop\/wp-json\/wp\/v2\/types\/product"}],"replies":[{"embeddable":true,"href":"https:\/\/blueorangemusic.com\/oshop\/wp-json\/wp\/v2\/comments?post=273"}],"wp:featuredmedia":[{"embeddable":true,"href":"https:\/\/blueorangemusic.com\/oshop\/wp-json\/wp\/v2\/media\/360"}],"wp:attachment":[{"href":"https:\/\/blueorangemusic.com\/oshop\/wp-json\/wp\/v2\/media?parent=273"}],"wp:term":[{"taxonomy":"product_brand","embeddable":true,"href":"https:\/\/blueorangemusic.com\/oshop\/wp-json\/wp\/v2\/product_brand?post=273"},{"taxonomy":"product_cat","embeddable":true,"href":"https:\/\/blueorangemusic.com\/oshop\/wp-json\/wp\/v2\/product_cat?post=273"},{"taxonomy":"product_tag","embeddable":true,"href":"https:\/\/blueorangemusic.com\/oshop\/wp-json\/wp\/v2\/product_tag?post=273"}],"curies":[{"name":"wp","href":"https:\/\/api.w.org\/{rel}","templated":true}]}}