{"id":279,"date":"2016-09-13T21:10:36","date_gmt":"2016-09-13T19:10:36","guid":{"rendered":"http:\/\/blueorangemusic.com\/shop\/?post_type=product&#038;p=279"},"modified":"2021-08-23T14:46:49","modified_gmt":"2021-08-23T12:46:49","slug":"trommelmonster-band-1","status":"publish","type":"product","link":"https:\/\/blueorangemusic.com\/oshop\/produkt\/trommelmonster-band-1\/","title":{"rendered":"Trommelmonster &#8211; Band 1"},"content":{"rendered":"<p>Erlerne das Trommelspiel mit den Trommelmonstern! Ein kurzweiliges Lehrwerk f\u00fcr Kinder im Comicstil.<\/p>\n<p>Der Aufbau ist klar und \u00fcbersichtlich. In jedem Kapitel wird ein neuer Rhythmus vorgestellt. Anschlie\u00dfend wird dieser Rhythmus zun\u00e4chst in kurzen, dann in l\u00e4ngeren Et\u00fcden und Duetten verarbeitet. Au\u00dferdem findet man in jedem Kapitel ein Set-up St\u00fcck mit zwei Instrumenten sowie auch eine Taktwechsel\u00fcbung und ein Duett mit einem Malletinstrument. Zu den Duos gibt es MP3\u2019s die man kostenlos herunterladen kann.<\/p>\n<p>Autoren:<\/p>\n<p>Paul Altmann | Marius Kliche | Frank Wildner<\/p>\n<p>ISMN 979-0-803876-04-9<\/p>\n","protected":false},"excerpt":{"rendered":"<p>Kleine Trommelschule f\u00fcr Anf\u00e4nger<\/p>\n","protected":false},"featured_media":521,"comment_status":"open","ping_status":"closed","template":"","meta":[],"product_brand":[],"product_cat":[48],"product_tag":[],"class_list":{"0":"post-279","1":"product","2":"type-product","3":"status-publish","4":"has-post-thumbnail","6":"product_cat-kleine-trommel","7":"product_shipping_class-max500g","9":"first","10":"instock","11":"taxable","12":"shipping-taxable","13":"purchasable","14":"product-type-variable"},"yoast_head":"<!-- This site is optimized with the Yoast SEO plugin v26.6 - https:\/\/yoast.com\/wordpress\/plugins\/seo\/ -->\n<title>Trommelmonster - Band 1 - Blueorange Music<\/title>\n<meta name=\"robots\" content=\"index, follow, max-snippet:-1, max-image-preview:large, max-video-preview:-1\" \/>\n<link rel=\"canonical\" href=\"https:\/\/blueorangemusic.com\/oshop\/produkt\/trommelmonster-band-1\/\" \/>\n<meta property=\"og:locale\" content=\"de_DE\" \/>\n<meta property=\"og:type\" content=\"article\" \/>\n<meta property=\"og:title\" content=\"D&#039;Trommelmonster l\u00e9iere L\u00ebtzebuergesch!\" \/>\n<meta property=\"og:description\" content=\"Di flott Trommelschoul fir Uf\u00e4nger!\" \/>\n<meta property=\"og:url\" content=\"https:\/\/blueorangemusic.com\/oshop\/produkt\/trommelmonster-band-1\/\" \/>\n<meta property=\"og:site_name\" content=\"Blueorange Music\" \/>\n<meta property=\"article:modified_time\" content=\"2021-08-23T12:46:49+00:00\" \/>\n<meta name=\"twitter:card\" content=\"summary_large_image\" \/>\n<meta name=\"twitter:image\" content=\"https:\/\/blueorangemusic.com\/oshop\/wp-content\/uploads\/2016\/09\/TM_LU.jpg\" \/>\n<script type=\"application\/ld+json\" class=\"yoast-schema-graph\">{\"@context\":\"https:\/\/schema.org\",\"@graph\":[{\"@type\":\"WebPage\",\"@id\":\"https:\/\/blueorangemusic.com\/oshop\/produkt\/trommelmonster-band-1\/\",\"url\":\"https:\/\/blueorangemusic.com\/oshop\/produkt\/trommelmonster-band-1\/\",\"name\":\"Trommelmonster - Band 1 - Blueorange Music\",\"isPartOf\":{\"@id\":\"https:\/\/blueorangemusic.com\/oshop\/#website\"},\"primaryImageOfPage\":{\"@id\":\"https:\/\/blueorangemusic.com\/oshop\/produkt\/trommelmonster-band-1\/#primaryimage\"},\"image\":{\"@id\":\"https:\/\/blueorangemusic.com\/oshop\/produkt\/trommelmonster-band-1\/#primaryimage\"},\"thumbnailUrl\":\"https:\/\/blueorangemusic.com\/oshop\/wp-content\/uploads\/2016\/09\/TM_LU.jpg\",\"datePublished\":\"2016-09-13T19:10:36+00:00\",\"dateModified\":\"2021-08-23T12:46:49+00:00\",\"breadcrumb\":{\"@id\":\"https:\/\/blueorangemusic.com\/oshop\/produkt\/trommelmonster-band-1\/#breadcrumb\"},\"inLanguage\":\"de\",\"potentialAction\":[{\"@type\":\"ReadAction\",\"target\":[\"https:\/\/blueorangemusic.com\/oshop\/produkt\/trommelmonster-band-1\/\"]}]},{\"@type\":\"ImageObject\",\"inLanguage\":\"de\",\"@id\":\"https:\/\/blueorangemusic.com\/oshop\/produkt\/trommelmonster-band-1\/#primaryimage\",\"url\":\"https:\/\/blueorangemusic.com\/oshop\/wp-content\/uploads\/2016\/09\/TM_LU.jpg\",\"contentUrl\":\"https:\/\/blueorangemusic.com\/oshop\/wp-content\/uploads\/2016\/09\/TM_LU.jpg\",\"width\":800,\"height\":941},{\"@type\":\"BreadcrumbList\",\"@id\":\"https:\/\/blueorangemusic.com\/oshop\/produkt\/trommelmonster-band-1\/#breadcrumb\",\"itemListElement\":[{\"@type\":\"ListItem\",\"position\":1,\"name\":\"Startseite\",\"item\":\"https:\/\/blueorangemusic.com\/oshop\/\"},{\"@type\":\"ListItem\",\"position\":2,\"name\":\"Shop\",\"item\":\"https:\/\/blueorangemusic.com\/oshop\/shop\/\"},{\"@type\":\"ListItem\",\"position\":3,\"name\":\"Trommelmonster &#8211; Band 1\"}]},{\"@type\":\"WebSite\",\"@id\":\"https:\/\/blueorangemusic.com\/oshop\/#website\",\"url\":\"https:\/\/blueorangemusic.com\/oshop\/\",\"name\":\"Blueorange Music\",\"description\":\"Musikverlag f\u00fcr p\u00e4dagogisches Material\",\"potentialAction\":[{\"@type\":\"SearchAction\",\"target\":{\"@type\":\"EntryPoint\",\"urlTemplate\":\"https:\/\/blueorangemusic.com\/oshop\/?s={search_term_string}\"},\"query-input\":{\"@type\":\"PropertyValueSpecification\",\"valueRequired\":true,\"valueName\":\"search_term_string\"}}],\"inLanguage\":\"de\"}]}<\/script>\n<!-- \/ Yoast SEO plugin. -->","yoast_head_json":{"title":"Trommelmonster - Band 1 - Blueorange Music","robots":{"index":"index","follow":"follow","max-snippet":"max-snippet:-1","max-image-preview":"max-image-preview:large","max-video-preview":"max-video-preview:-1"},"canonical":"https:\/\/blueorangemusic.com\/oshop\/produkt\/trommelmonster-band-1\/","og_locale":"de_DE","og_type":"article","og_title":"D'Trommelmonster l\u00e9iere L\u00ebtzebuergesch!","og_description":"Di flott Trommelschoul fir Uf\u00e4nger!","og_url":"https:\/\/blueorangemusic.com\/oshop\/produkt\/trommelmonster-band-1\/","og_site_name":"Blueorange Music","article_modified_time":"2021-08-23T12:46:49+00:00","twitter_card":"summary_large_image","twitter_image":"https:\/\/blueorangemusic.com\/oshop\/wp-content\/uploads\/2016\/09\/TM_LU.jpg","schema":{"@context":"https:\/\/schema.org","@graph":[{"@type":"WebPage","@id":"https:\/\/blueorangemusic.com\/oshop\/produkt\/trommelmonster-band-1\/","url":"https:\/\/blueorangemusic.com\/oshop\/produkt\/trommelmonster-band-1\/","name":"Trommelmonster - Band 1 - Blueorange Music","isPartOf":{"@id":"https:\/\/blueorangemusic.com\/oshop\/#website"},"primaryImageOfPage":{"@id":"https:\/\/blueorangemusic.com\/oshop\/produkt\/trommelmonster-band-1\/#primaryimage"},"image":{"@id":"https:\/\/blueorangemusic.com\/oshop\/produkt\/trommelmonster-band-1\/#primaryimage"},"thumbnailUrl":"https:\/\/blueorangemusic.com\/oshop\/wp-content\/uploads\/2016\/09\/TM_LU.jpg","datePublished":"2016-09-13T19:10:36+00:00","dateModified":"2021-08-23T12:46:49+00:00","breadcrumb":{"@id":"https:\/\/blueorangemusic.com\/oshop\/produkt\/trommelmonster-band-1\/#breadcrumb"},"inLanguage":"de","potentialAction":[{"@type":"ReadAction","target":["https:\/\/blueorangemusic.com\/oshop\/produkt\/trommelmonster-band-1\/"]}]},{"@type":"ImageObject","inLanguage":"de","@id":"https:\/\/blueorangemusic.com\/oshop\/produkt\/trommelmonster-band-1\/#primaryimage","url":"https:\/\/blueorangemusic.com\/oshop\/wp-content\/uploads\/2016\/09\/TM_LU.jpg","contentUrl":"https:\/\/blueorangemusic.com\/oshop\/wp-content\/uploads\/2016\/09\/TM_LU.jpg","width":800,"height":941},{"@type":"BreadcrumbList","@id":"https:\/\/blueorangemusic.com\/oshop\/produkt\/trommelmonster-band-1\/#breadcrumb","itemListElement":[{"@type":"ListItem","position":1,"name":"Startseite","item":"https:\/\/blueorangemusic.com\/oshop\/"},{"@type":"ListItem","position":2,"name":"Shop","item":"https:\/\/blueorangemusic.com\/oshop\/shop\/"},{"@type":"ListItem","position":3,"name":"Trommelmonster &#8211; Band 1"}]},{"@type":"WebSite","@id":"https:\/\/blueorangemusic.com\/oshop\/#website","url":"https:\/\/blueorangemusic.com\/oshop\/","name":"Blueorange Music","description":"Musikverlag f\u00fcr p\u00e4dagogisches Material","potentialAction":[{"@type":"SearchAction","target":{"@type":"EntryPoint","urlTemplate":"https:\/\/blueorangemusic.com\/oshop\/?s={search_term_string}"},"query-input":{"@type":"PropertyValueSpecification","valueRequired":true,"valueName":"search_term_string"}}],"inLanguage":"de"}]}},"_links":{"self":[{"href":"https:\/\/blueorangemusic.com\/oshop\/wp-json\/wp\/v2\/product\/279","targetHints":{"allow":["GET"]}}],"collection":[{"href":"https:\/\/blueorangemusic.com\/oshop\/wp-json\/wp\/v2\/product"}],"about":[{"href":"https:\/\/blueorangemusic.com\/oshop\/wp-json\/wp\/v2\/types\/product"}],"replies":[{"embeddable":true,"href":"https:\/\/blueorangemusic.com\/oshop\/wp-json\/wp\/v2\/comments?post=279"}],"wp:featuredmedia":[{"embeddable":true,"href":"https:\/\/blueorangemusic.com\/oshop\/wp-json\/wp\/v2\/media\/521"}],"wp:attachment":[{"href":"https:\/\/blueorangemusic.com\/oshop\/wp-json\/wp\/v2\/media?parent=279"}],"wp:term":[{"taxonomy":"product_brand","embeddable":true,"href":"https:\/\/blueorangemusic.com\/oshop\/wp-json\/wp\/v2\/product_brand?post=279"},{"taxonomy":"product_cat","embeddable":true,"href":"https:\/\/blueorangemusic.com\/oshop\/wp-json\/wp\/v2\/product_cat?post=279"},{"taxonomy":"product_tag","embeddable":true,"href":"https:\/\/blueorangemusic.com\/oshop\/wp-json\/wp\/v2\/product_tag?post=279"}],"curies":[{"name":"wp","href":"https:\/\/api.w.org\/{rel}","templated":true}]}}