{"id":305,"date":"2016-09-19T11:20:44","date_gmt":"2016-09-19T09:20:44","guid":{"rendered":"http:\/\/blueorangemusic.com\/shop\/?post_type=product&#038;p=305"},"modified":"2020-07-12T00:26:47","modified_gmt":"2020-07-11T22:26:47","slug":"snaredrum-bob-morhard","status":"publish","type":"product","link":"https:\/\/blueorangemusic.com\/oshop\/produkt\/snaredrum-bob-morhard\/","title":{"rendered":"Snaredrum | Bob Morhard"},"content":{"rendered":"<p>&#8222;Snaredrum&#8220; von Bob Morhard ist eine kleine Trommelschule f\u00fcr Anf\u00e4nger.<\/p>\n<p>Die Schule ist auf das Nationale Programm an luxemburgischen Musikschulen zugeschnitten und bereitet den Sch\u00fcler auf alle,\u00a0 f\u00fcr die 3. Mention ben\u00f6tigten Themen vor.<\/p>\n<p>Im Buch werden sowohl bin\u00e4re als auch tern\u00e4re Taktarten behandelt.\u00a0Von Et\u00fcden \u00fcber Duette bis hin zu kleinen Set-ups ist alles im Buch zu finden.<\/p>\n<p>Am Ende des Buches befindet sich eine Sammlung mit technischen \u00dcbungen von wichtigen Hands\u00e4tzen und Vorschl\u00e4gen.<\/p>\n<p><a href=\"https:\/\/blueorangemusic.com\/preview\/Snaredrum-Bob_Morhard.pdf\" target=\"_blank\" rel=\"noopener noreferrer\">Hier<\/a>\u00a0gibt es die M\u00f6glichkeit ganz ins Buch hinein zu schauen<\/p>\n<p>ISMN:\u00a0979-0-803876-07-0<\/p>\n","protected":false},"excerpt":{"rendered":"<p>Kleine Trommelschule f\u00fcr Anf\u00e4nger<\/p>\n","protected":false},"featured_media":306,"comment_status":"open","ping_status":"closed","template":"","meta":[],"product_brand":[],"product_cat":[48],"product_tag":[],"class_list":{"0":"post-305","1":"product","2":"type-product","3":"status-publish","4":"has-post-thumbnail","6":"product_cat-kleine-trommel","7":"product_shipping_class-max500g","9":"first","10":"instock","11":"taxable","12":"shipping-taxable","13":"purchasable","14":"product-type-simple"},"yoast_head":"<!-- This site is optimized with the Yoast SEO plugin v26.6 - https:\/\/yoast.com\/wordpress\/plugins\/seo\/ -->\n<title>Snaredrum | Bob Morhard - Blueorange Music<\/title>\n<meta name=\"robots\" content=\"index, follow, max-snippet:-1, max-image-preview:large, max-video-preview:-1\" \/>\n<link rel=\"canonical\" href=\"https:\/\/blueorangemusic.com\/oshop\/produkt\/snaredrum-bob-morhard\/\" \/>\n<meta property=\"og:locale\" content=\"de_DE\" \/>\n<meta property=\"og:type\" content=\"article\" \/>\n<meta property=\"og:title\" content=\"Snaredrum - Bob Morhard\" \/>\n<meta property=\"og:description\" content=\"Kleine Trommelschule f\u00fcr Anf\u00e4nger\" \/>\n<meta property=\"og:url\" content=\"https:\/\/blueorangemusic.com\/oshop\/produkt\/snaredrum-bob-morhard\/\" \/>\n<meta property=\"og:site_name\" content=\"Blueorange Music\" \/>\n<meta property=\"article:modified_time\" content=\"2020-07-11T22:26:47+00:00\" \/>\n<meta property=\"og:image\" content=\"https:\/\/blueorangemusic.com\/oshop\/wp-content\/uploads\/2016\/09\/SD_BM_Cover.jpg\" \/>\n\t<meta property=\"og:image:width\" content=\"510\" \/>\n\t<meta property=\"og:image:height\" content=\"600\" \/>\n\t<meta property=\"og:image:type\" content=\"image\/jpeg\" \/>\n<meta name=\"twitter:card\" content=\"summary_large_image\" \/>\n<meta name=\"twitter:label1\" content=\"Gesch\u00e4tzte Lesezeit\" \/>\n\t<meta name=\"twitter:data1\" content=\"1\u00a0Minute\" \/>\n<script type=\"application\/ld+json\" class=\"yoast-schema-graph\">{\"@context\":\"https:\/\/schema.org\",\"@graph\":[{\"@type\":\"WebPage\",\"@id\":\"https:\/\/blueorangemusic.com\/oshop\/produkt\/snaredrum-bob-morhard\/\",\"url\":\"https:\/\/blueorangemusic.com\/oshop\/produkt\/snaredrum-bob-morhard\/\",\"name\":\"Snaredrum | Bob Morhard - Blueorange Music\",\"isPartOf\":{\"@id\":\"https:\/\/blueorangemusic.com\/oshop\/#website\"},\"primaryImageOfPage\":{\"@id\":\"https:\/\/blueorangemusic.com\/oshop\/produkt\/snaredrum-bob-morhard\/#primaryimage\"},\"image\":{\"@id\":\"https:\/\/blueorangemusic.com\/oshop\/produkt\/snaredrum-bob-morhard\/#primaryimage\"},\"thumbnailUrl\":\"https:\/\/blueorangemusic.com\/oshop\/wp-content\/uploads\/2016\/09\/SD_BM_Cover.jpg\",\"datePublished\":\"2016-09-19T09:20:44+00:00\",\"dateModified\":\"2020-07-11T22:26:47+00:00\",\"breadcrumb\":{\"@id\":\"https:\/\/blueorangemusic.com\/oshop\/produkt\/snaredrum-bob-morhard\/#breadcrumb\"},\"inLanguage\":\"de\",\"potentialAction\":[{\"@type\":\"ReadAction\",\"target\":[\"https:\/\/blueorangemusic.com\/oshop\/produkt\/snaredrum-bob-morhard\/\"]}]},{\"@type\":\"ImageObject\",\"inLanguage\":\"de\",\"@id\":\"https:\/\/blueorangemusic.com\/oshop\/produkt\/snaredrum-bob-morhard\/#primaryimage\",\"url\":\"https:\/\/blueorangemusic.com\/oshop\/wp-content\/uploads\/2016\/09\/SD_BM_Cover.jpg\",\"contentUrl\":\"https:\/\/blueorangemusic.com\/oshop\/wp-content\/uploads\/2016\/09\/SD_BM_Cover.jpg\",\"width\":510,\"height\":600},{\"@type\":\"BreadcrumbList\",\"@id\":\"https:\/\/blueorangemusic.com\/oshop\/produkt\/snaredrum-bob-morhard\/#breadcrumb\",\"itemListElement\":[{\"@type\":\"ListItem\",\"position\":1,\"name\":\"Startseite\",\"item\":\"https:\/\/blueorangemusic.com\/oshop\/\"},{\"@type\":\"ListItem\",\"position\":2,\"name\":\"Shop\",\"item\":\"https:\/\/blueorangemusic.com\/oshop\/shop\/\"},{\"@type\":\"ListItem\",\"position\":3,\"name\":\"Snaredrum | Bob Morhard\"}]},{\"@type\":\"WebSite\",\"@id\":\"https:\/\/blueorangemusic.com\/oshop\/#website\",\"url\":\"https:\/\/blueorangemusic.com\/oshop\/\",\"name\":\"Blueorange Music\",\"description\":\"Musikverlag f\u00fcr p\u00e4dagogisches Material\",\"potentialAction\":[{\"@type\":\"SearchAction\",\"target\":{\"@type\":\"EntryPoint\",\"urlTemplate\":\"https:\/\/blueorangemusic.com\/oshop\/?s={search_term_string}\"},\"query-input\":{\"@type\":\"PropertyValueSpecification\",\"valueRequired\":true,\"valueName\":\"search_term_string\"}}],\"inLanguage\":\"de\"}]}<\/script>\n<!-- \/ Yoast SEO plugin. -->","yoast_head_json":{"title":"Snaredrum | Bob Morhard - Blueorange Music","robots":{"index":"index","follow":"follow","max-snippet":"max-snippet:-1","max-image-preview":"max-image-preview:large","max-video-preview":"max-video-preview:-1"},"canonical":"https:\/\/blueorangemusic.com\/oshop\/produkt\/snaredrum-bob-morhard\/","og_locale":"de_DE","og_type":"article","og_title":"Snaredrum - Bob Morhard","og_description":"Kleine Trommelschule f\u00fcr Anf\u00e4nger","og_url":"https:\/\/blueorangemusic.com\/oshop\/produkt\/snaredrum-bob-morhard\/","og_site_name":"Blueorange Music","article_modified_time":"2020-07-11T22:26:47+00:00","og_image":[{"width":510,"height":600,"url":"https:\/\/blueorangemusic.com\/oshop\/wp-content\/uploads\/2016\/09\/SD_BM_Cover.jpg","type":"image\/jpeg"}],"twitter_card":"summary_large_image","twitter_misc":{"Gesch\u00e4tzte Lesezeit":"1\u00a0Minute"},"schema":{"@context":"https:\/\/schema.org","@graph":[{"@type":"WebPage","@id":"https:\/\/blueorangemusic.com\/oshop\/produkt\/snaredrum-bob-morhard\/","url":"https:\/\/blueorangemusic.com\/oshop\/produkt\/snaredrum-bob-morhard\/","name":"Snaredrum | Bob Morhard - Blueorange Music","isPartOf":{"@id":"https:\/\/blueorangemusic.com\/oshop\/#website"},"primaryImageOfPage":{"@id":"https:\/\/blueorangemusic.com\/oshop\/produkt\/snaredrum-bob-morhard\/#primaryimage"},"image":{"@id":"https:\/\/blueorangemusic.com\/oshop\/produkt\/snaredrum-bob-morhard\/#primaryimage"},"thumbnailUrl":"https:\/\/blueorangemusic.com\/oshop\/wp-content\/uploads\/2016\/09\/SD_BM_Cover.jpg","datePublished":"2016-09-19T09:20:44+00:00","dateModified":"2020-07-11T22:26:47+00:00","breadcrumb":{"@id":"https:\/\/blueorangemusic.com\/oshop\/produkt\/snaredrum-bob-morhard\/#breadcrumb"},"inLanguage":"de","potentialAction":[{"@type":"ReadAction","target":["https:\/\/blueorangemusic.com\/oshop\/produkt\/snaredrum-bob-morhard\/"]}]},{"@type":"ImageObject","inLanguage":"de","@id":"https:\/\/blueorangemusic.com\/oshop\/produkt\/snaredrum-bob-morhard\/#primaryimage","url":"https:\/\/blueorangemusic.com\/oshop\/wp-content\/uploads\/2016\/09\/SD_BM_Cover.jpg","contentUrl":"https:\/\/blueorangemusic.com\/oshop\/wp-content\/uploads\/2016\/09\/SD_BM_Cover.jpg","width":510,"height":600},{"@type":"BreadcrumbList","@id":"https:\/\/blueorangemusic.com\/oshop\/produkt\/snaredrum-bob-morhard\/#breadcrumb","itemListElement":[{"@type":"ListItem","position":1,"name":"Startseite","item":"https:\/\/blueorangemusic.com\/oshop\/"},{"@type":"ListItem","position":2,"name":"Shop","item":"https:\/\/blueorangemusic.com\/oshop\/shop\/"},{"@type":"ListItem","position":3,"name":"Snaredrum | Bob Morhard"}]},{"@type":"WebSite","@id":"https:\/\/blueorangemusic.com\/oshop\/#website","url":"https:\/\/blueorangemusic.com\/oshop\/","name":"Blueorange Music","description":"Musikverlag f\u00fcr p\u00e4dagogisches Material","potentialAction":[{"@type":"SearchAction","target":{"@type":"EntryPoint","urlTemplate":"https:\/\/blueorangemusic.com\/oshop\/?s={search_term_string}"},"query-input":{"@type":"PropertyValueSpecification","valueRequired":true,"valueName":"search_term_string"}}],"inLanguage":"de"}]}},"_links":{"self":[{"href":"https:\/\/blueorangemusic.com\/oshop\/wp-json\/wp\/v2\/product\/305","targetHints":{"allow":["GET"]}}],"collection":[{"href":"https:\/\/blueorangemusic.com\/oshop\/wp-json\/wp\/v2\/product"}],"about":[{"href":"https:\/\/blueorangemusic.com\/oshop\/wp-json\/wp\/v2\/types\/product"}],"replies":[{"embeddable":true,"href":"https:\/\/blueorangemusic.com\/oshop\/wp-json\/wp\/v2\/comments?post=305"}],"wp:featuredmedia":[{"embeddable":true,"href":"https:\/\/blueorangemusic.com\/oshop\/wp-json\/wp\/v2\/media\/306"}],"wp:attachment":[{"href":"https:\/\/blueorangemusic.com\/oshop\/wp-json\/wp\/v2\/media?parent=305"}],"wp:term":[{"taxonomy":"product_brand","embeddable":true,"href":"https:\/\/blueorangemusic.com\/oshop\/wp-json\/wp\/v2\/product_brand?post=305"},{"taxonomy":"product_cat","embeddable":true,"href":"https:\/\/blueorangemusic.com\/oshop\/wp-json\/wp\/v2\/product_cat?post=305"},{"taxonomy":"product_tag","embeddable":true,"href":"https:\/\/blueorangemusic.com\/oshop\/wp-json\/wp\/v2\/product_tag?post=305"}],"curies":[{"name":"wp","href":"https:\/\/api.w.org\/{rel}","templated":true}]}}