{"id":332,"date":"2016-10-11T08:12:20","date_gmt":"2016-10-11T06:12:20","guid":{"rendered":"http:\/\/blueorangemusic.com\/shop\/?post_type=product&#038;p=332"},"modified":"2020-12-21T11:30:54","modified_gmt":"2020-12-21T10:30:54","slug":"e-buch-voller-musek-lehrerbuch-micky-thein","status":"publish","type":"product","link":"https:\/\/blueorangemusic.com\/oshop\/produkt\/e-buch-voller-musek-lehrerbuch-micky-thein\/","title":{"rendered":"E Buch voller Musek &#8211; Enseignant- , Sch\u00fclerbuch &#038; CD | Micky Thein"},"content":{"rendered":"<table style=\"border: 1px solid black;\">\n<tbody>\n<tr>\n<td align=\"center\" width=\"110px\"><img decoding=\"async\" class=\"aligncenter wp-image-660\" src=\"https:\/\/blueorangemusic.com\/oshop\/wp-content\/uploads\/2018\/05\/sacem-logo.png\" alt=\"\" width=\"100\" height=\"40\" \/><\/td>\n<td style=\"font-size: 8pt;\">Ce service respecte le droit d\u2019auteur. Tous les droits des auteurs des \u0153uvres prot\u00e9g\u00e9es reproduites\u00a0<span class=\"boomerang-time-zone\">et<\/span>\u00a0communiqu\u00e9es sur ce site, sont r\u00e9serv\u00e9s. Sauf autorisation expresse, toute utilisation des \u0153uvres autres que le t\u00e9l\u00e9chargement dans le cadre du cercle de famille sont interdites.<\/td>\n<\/tr>\n<\/tbody>\n<\/table>\n<audio class=\"wp-audio-shortcode\" id=\"audio-332-1\" preload=\"none\" style=\"width: 100%;\" controls=\"controls\"><source type=\"audio\/mpeg\" src=\"https:\/\/blueorangemusic.com\/oshop\/wp-content\/uploads\/2016\/10\/ECDVM_Preview.mp3?_=1\" \/><a href=\"https:\/\/blueorangemusic.com\/oshop\/wp-content\/uploads\/2016\/10\/ECDVM_Preview.mp3\">https:\/\/blueorangemusic.com\/oshop\/wp-content\/uploads\/2016\/10\/ECDVM_Preview.mp3<\/a><\/audio>\n<p>Enseignant- , Sch\u00fclerbuch &amp;CD<\/p>\n<p>Sprooch: L\u00ebtzebuergesch<\/p>\n<p>Ziilgrupp: Museksenseignanten am Ber\u00e4ich Eveil Musical<\/p>\n<p>An d\u00ebsem Buch fann Dir eng Idee- a Materialsammlung vir den Eveil Musical. Den Enseignant kritt hei e Buch mat 36 virbereete Stonnen. Den Oflaf vun all Stonn g\u00ebtt detaill\u00e9iert\u00a0virgestallt. Zu der Enseignantsversioun geh\u00e9ieren esouwuel d&#8217;Sch\u00fclerbuch ew\u00e9i eng CD mat de Lidder d\u00e9i am Buch ze fanne\u00a0sinn.<\/p>\n<p>Virwuert vun der Autorin:<\/p>\n<p>\u00bbEe Buch voller Musek\u00ab ass quasi aus der Nout eraus entstanen. Vill ze w\u00e9ineg Material g\u00ebtt et aktuell wat de Ber\u00e4ich vun dem \u00bb\u00e9veil musical\u00ab ugeet,\u00a0fir net ze soe guer keent. D\u00ebse Ber\u00e4ich wiisst awer s\u00e4it puer Joren enorm an\u00a0de Museksschoule sinn et d\u00e9i Coursen d\u00e9i am beschte beluecht ginn. Hei g\u00ebtt de\u00a0Grondstee fir eng musikalesch Ausbildung geluecht, an et ass hei wou sech\u00a0ee Kand fir de Musekscours oder g\u00e9int eng musikalesch Ausbildung an enge vun\u00a0eise Museksschoulen am Land decid\u00e9iert. An d\u00ebsen zwee Joer \u00bb\u00e9veil musical\u00ab\u00a0l\u00e4it onheemlecht Potential fir eis Sch\u00fcler vun eisem Fach ze begeeschteren a\u00a0si mat der Musek ze fesselen an hinnen ee musikalescht W\u00ebsse mat op hire\u00a0Bildungswee ze ginn. Musikalesch Bildung soll all Kand erreechen a geh\u00e9iert\u00a0zu enger Allgemengbildung d\u00e9i all S\u00ebnner uspr\u00e9cht.\u00a0A genee dofir ass d\u00ebst Buch entstanen, fir Material ze hunn fir d\u00ebsen Ufuerderungen gerecht ze ginn.<\/p>\n<p>ISMN:\u00a0979-0-803876-02-5<\/p>\n","protected":false},"excerpt":{"rendered":"<p>fir den Eveil Musical (1. &amp; 2. Joer)<\/p>\n","protected":false},"featured_media":1082,"comment_status":"open","ping_status":"closed","template":"","meta":[],"product_brand":[],"product_cat":[52],"product_tag":[],"class_list":{"0":"post-332","1":"product","2":"type-product","3":"status-publish","4":"has-post-thumbnail","6":"product_cat-eveil-musical","7":"product_shipping_class-500-2000g","9":"first","10":"instock","11":"taxable","12":"shipping-taxable","13":"purchasable","14":"product-type-simple"},"yoast_head":"<!-- This site is optimized with the Yoast SEO plugin v26.6 - https:\/\/yoast.com\/wordpress\/plugins\/seo\/ -->\n<title>E Buch voller Musek - Enseignant- , Sch\u00fclerbuch &amp; CD | Micky Thein - Blueorange Music<\/title>\n<meta name=\"robots\" content=\"index, follow, max-snippet:-1, max-image-preview:large, max-video-preview:-1\" \/>\n<link rel=\"canonical\" href=\"https:\/\/blueorangemusic.com\/oshop\/produkt\/e-buch-voller-musek-lehrerbuch-micky-thein\/\" \/>\n<meta property=\"og:locale\" content=\"de_DE\" \/>\n<meta property=\"og:type\" content=\"article\" \/>\n<meta property=\"og:title\" content=\"E Buch voller Musek - Enseignant- , Sch\u00fclerbuch &amp; CD | Micky Thein - Blueorange Music\" \/>\n<meta property=\"og:description\" content=\"fir den Eveil Musical (1. &amp; 2. Joer)\" \/>\n<meta property=\"og:url\" content=\"https:\/\/blueorangemusic.com\/oshop\/produkt\/e-buch-voller-musek-lehrerbuch-micky-thein\/\" \/>\n<meta property=\"og:site_name\" content=\"Blueorange Music\" \/>\n<meta property=\"article:modified_time\" content=\"2020-12-21T10:30:54+00:00\" \/>\n<meta property=\"og:image\" content=\"https:\/\/blueorangemusic.com\/oshop\/wp-content\/uploads\/2016\/10\/HP_Cover_LBSBCD_3.jpg\" \/>\n\t<meta property=\"og:image:width\" content=\"600\" \/>\n\t<meta property=\"og:image:height\" content=\"706\" \/>\n\t<meta property=\"og:image:type\" content=\"image\/jpeg\" \/>\n<meta name=\"twitter:card\" content=\"summary_large_image\" \/>\n<meta name=\"twitter:label1\" content=\"Gesch\u00e4tzte Lesezeit\" \/>\n\t<meta name=\"twitter:data1\" content=\"2\u00a0Minuten\" \/>\n<script type=\"application\/ld+json\" class=\"yoast-schema-graph\">{\"@context\":\"https:\/\/schema.org\",\"@graph\":[{\"@type\":\"WebPage\",\"@id\":\"https:\/\/blueorangemusic.com\/oshop\/produkt\/e-buch-voller-musek-lehrerbuch-micky-thein\/\",\"url\":\"https:\/\/blueorangemusic.com\/oshop\/produkt\/e-buch-voller-musek-lehrerbuch-micky-thein\/\",\"name\":\"E Buch voller Musek - Enseignant- , Sch\u00fclerbuch & CD | Micky Thein - Blueorange Music\",\"isPartOf\":{\"@id\":\"https:\/\/blueorangemusic.com\/oshop\/#website\"},\"primaryImageOfPage\":{\"@id\":\"https:\/\/blueorangemusic.com\/oshop\/produkt\/e-buch-voller-musek-lehrerbuch-micky-thein\/#primaryimage\"},\"image\":{\"@id\":\"https:\/\/blueorangemusic.com\/oshop\/produkt\/e-buch-voller-musek-lehrerbuch-micky-thein\/#primaryimage\"},\"thumbnailUrl\":\"https:\/\/blueorangemusic.com\/oshop\/wp-content\/uploads\/2016\/10\/HP_Cover_LBSBCD_3.jpg\",\"datePublished\":\"2016-10-11T06:12:20+00:00\",\"dateModified\":\"2020-12-21T10:30:54+00:00\",\"breadcrumb\":{\"@id\":\"https:\/\/blueorangemusic.com\/oshop\/produkt\/e-buch-voller-musek-lehrerbuch-micky-thein\/#breadcrumb\"},\"inLanguage\":\"de\",\"potentialAction\":[{\"@type\":\"ReadAction\",\"target\":[\"https:\/\/blueorangemusic.com\/oshop\/produkt\/e-buch-voller-musek-lehrerbuch-micky-thein\/\"]}]},{\"@type\":\"ImageObject\",\"inLanguage\":\"de\",\"@id\":\"https:\/\/blueorangemusic.com\/oshop\/produkt\/e-buch-voller-musek-lehrerbuch-micky-thein\/#primaryimage\",\"url\":\"https:\/\/blueorangemusic.com\/oshop\/wp-content\/uploads\/2016\/10\/HP_Cover_LBSBCD_3.jpg\",\"contentUrl\":\"https:\/\/blueorangemusic.com\/oshop\/wp-content\/uploads\/2016\/10\/HP_Cover_LBSBCD_3.jpg\",\"width\":600,\"height\":706},{\"@type\":\"BreadcrumbList\",\"@id\":\"https:\/\/blueorangemusic.com\/oshop\/produkt\/e-buch-voller-musek-lehrerbuch-micky-thein\/#breadcrumb\",\"itemListElement\":[{\"@type\":\"ListItem\",\"position\":1,\"name\":\"Startseite\",\"item\":\"https:\/\/blueorangemusic.com\/oshop\/\"},{\"@type\":\"ListItem\",\"position\":2,\"name\":\"Shop\",\"item\":\"https:\/\/blueorangemusic.com\/oshop\/shop\/\"},{\"@type\":\"ListItem\",\"position\":3,\"name\":\"E Buch voller Musek &#8211; Enseignant- , Sch\u00fclerbuch &#038; CD | Micky Thein\"}]},{\"@type\":\"WebSite\",\"@id\":\"https:\/\/blueorangemusic.com\/oshop\/#website\",\"url\":\"https:\/\/blueorangemusic.com\/oshop\/\",\"name\":\"Blueorange Music\",\"description\":\"Musikverlag f\u00fcr p\u00e4dagogisches Material\",\"potentialAction\":[{\"@type\":\"SearchAction\",\"target\":{\"@type\":\"EntryPoint\",\"urlTemplate\":\"https:\/\/blueorangemusic.com\/oshop\/?s={search_term_string}\"},\"query-input\":{\"@type\":\"PropertyValueSpecification\",\"valueRequired\":true,\"valueName\":\"search_term_string\"}}],\"inLanguage\":\"de\"}]}<\/script>\n<!-- \/ Yoast SEO plugin. -->","yoast_head_json":{"title":"E Buch voller Musek - Enseignant- , Sch\u00fclerbuch & CD | Micky Thein - Blueorange Music","robots":{"index":"index","follow":"follow","max-snippet":"max-snippet:-1","max-image-preview":"max-image-preview:large","max-video-preview":"max-video-preview:-1"},"canonical":"https:\/\/blueorangemusic.com\/oshop\/produkt\/e-buch-voller-musek-lehrerbuch-micky-thein\/","og_locale":"de_DE","og_type":"article","og_title":"E Buch voller Musek - Enseignant- , Sch\u00fclerbuch & CD | Micky Thein - Blueorange Music","og_description":"fir den Eveil Musical (1. &amp; 2. Joer)","og_url":"https:\/\/blueorangemusic.com\/oshop\/produkt\/e-buch-voller-musek-lehrerbuch-micky-thein\/","og_site_name":"Blueorange Music","article_modified_time":"2020-12-21T10:30:54+00:00","og_image":[{"width":600,"height":706,"url":"https:\/\/blueorangemusic.com\/oshop\/wp-content\/uploads\/2016\/10\/HP_Cover_LBSBCD_3.jpg","type":"image\/jpeg"}],"twitter_card":"summary_large_image","twitter_misc":{"Gesch\u00e4tzte Lesezeit":"2\u00a0Minuten"},"schema":{"@context":"https:\/\/schema.org","@graph":[{"@type":"WebPage","@id":"https:\/\/blueorangemusic.com\/oshop\/produkt\/e-buch-voller-musek-lehrerbuch-micky-thein\/","url":"https:\/\/blueorangemusic.com\/oshop\/produkt\/e-buch-voller-musek-lehrerbuch-micky-thein\/","name":"E Buch voller Musek - Enseignant- , Sch\u00fclerbuch & CD | Micky Thein - Blueorange Music","isPartOf":{"@id":"https:\/\/blueorangemusic.com\/oshop\/#website"},"primaryImageOfPage":{"@id":"https:\/\/blueorangemusic.com\/oshop\/produkt\/e-buch-voller-musek-lehrerbuch-micky-thein\/#primaryimage"},"image":{"@id":"https:\/\/blueorangemusic.com\/oshop\/produkt\/e-buch-voller-musek-lehrerbuch-micky-thein\/#primaryimage"},"thumbnailUrl":"https:\/\/blueorangemusic.com\/oshop\/wp-content\/uploads\/2016\/10\/HP_Cover_LBSBCD_3.jpg","datePublished":"2016-10-11T06:12:20+00:00","dateModified":"2020-12-21T10:30:54+00:00","breadcrumb":{"@id":"https:\/\/blueorangemusic.com\/oshop\/produkt\/e-buch-voller-musek-lehrerbuch-micky-thein\/#breadcrumb"},"inLanguage":"de","potentialAction":[{"@type":"ReadAction","target":["https:\/\/blueorangemusic.com\/oshop\/produkt\/e-buch-voller-musek-lehrerbuch-micky-thein\/"]}]},{"@type":"ImageObject","inLanguage":"de","@id":"https:\/\/blueorangemusic.com\/oshop\/produkt\/e-buch-voller-musek-lehrerbuch-micky-thein\/#primaryimage","url":"https:\/\/blueorangemusic.com\/oshop\/wp-content\/uploads\/2016\/10\/HP_Cover_LBSBCD_3.jpg","contentUrl":"https:\/\/blueorangemusic.com\/oshop\/wp-content\/uploads\/2016\/10\/HP_Cover_LBSBCD_3.jpg","width":600,"height":706},{"@type":"BreadcrumbList","@id":"https:\/\/blueorangemusic.com\/oshop\/produkt\/e-buch-voller-musek-lehrerbuch-micky-thein\/#breadcrumb","itemListElement":[{"@type":"ListItem","position":1,"name":"Startseite","item":"https:\/\/blueorangemusic.com\/oshop\/"},{"@type":"ListItem","position":2,"name":"Shop","item":"https:\/\/blueorangemusic.com\/oshop\/shop\/"},{"@type":"ListItem","position":3,"name":"E Buch voller Musek &#8211; Enseignant- , Sch\u00fclerbuch &#038; CD | Micky Thein"}]},{"@type":"WebSite","@id":"https:\/\/blueorangemusic.com\/oshop\/#website","url":"https:\/\/blueorangemusic.com\/oshop\/","name":"Blueorange Music","description":"Musikverlag f\u00fcr p\u00e4dagogisches Material","potentialAction":[{"@type":"SearchAction","target":{"@type":"EntryPoint","urlTemplate":"https:\/\/blueorangemusic.com\/oshop\/?s={search_term_string}"},"query-input":{"@type":"PropertyValueSpecification","valueRequired":true,"valueName":"search_term_string"}}],"inLanguage":"de"}]}},"_links":{"self":[{"href":"https:\/\/blueorangemusic.com\/oshop\/wp-json\/wp\/v2\/product\/332","targetHints":{"allow":["GET"]}}],"collection":[{"href":"https:\/\/blueorangemusic.com\/oshop\/wp-json\/wp\/v2\/product"}],"about":[{"href":"https:\/\/blueorangemusic.com\/oshop\/wp-json\/wp\/v2\/types\/product"}],"replies":[{"embeddable":true,"href":"https:\/\/blueorangemusic.com\/oshop\/wp-json\/wp\/v2\/comments?post=332"}],"wp:featuredmedia":[{"embeddable":true,"href":"https:\/\/blueorangemusic.com\/oshop\/wp-json\/wp\/v2\/media\/1082"}],"wp:attachment":[{"href":"https:\/\/blueorangemusic.com\/oshop\/wp-json\/wp\/v2\/media?parent=332"}],"wp:term":[{"taxonomy":"product_brand","embeddable":true,"href":"https:\/\/blueorangemusic.com\/oshop\/wp-json\/wp\/v2\/product_brand?post=332"},{"taxonomy":"product_cat","embeddable":true,"href":"https:\/\/blueorangemusic.com\/oshop\/wp-json\/wp\/v2\/product_cat?post=332"},{"taxonomy":"product_tag","embeddable":true,"href":"https:\/\/blueorangemusic.com\/oshop\/wp-json\/wp\/v2\/product_tag?post=332"}],"curies":[{"name":"wp","href":"https:\/\/api.w.org\/{rel}","templated":true}]}}