{"id":346,"date":"2016-10-11T22:41:12","date_gmt":"2016-10-11T20:41:12","guid":{"rendered":"http:\/\/blueorangemusic.com\/shop\/?post_type=product&#038;p=346"},"modified":"2020-12-23T04:53:51","modified_gmt":"2020-12-23T03:53:51","slug":"e-buch-voller-musek-schuelerbuch-micky-thein","status":"publish","type":"product","link":"https:\/\/blueorangemusic.com\/oshop\/produkt\/e-buch-voller-musek-schuelerbuch-micky-thein\/","title":{"rendered":"E Buch voller Musek \u2013 Sch\u00fclerbuch | Micky Thein"},"content":{"rendered":"<p>D\u00ebst ass d&#8217;Sch\u00fclerversioun vum \u00bbBuch voller Musek\u00ab.<\/p>\n<p>Am Buch fann Dir 24 Kannerlidder mat Nouten a passenden Illustratiounen.<\/p>\n<p>Dir k\u00ebnnt d&#8217;Buch an 2 Versioune\u00a0kafen, Sch\u00fclerbuch eenzel oder mat CD<\/p>\n<p>Am Package Buch&amp;CD spuer dir 5\u20ac.<\/p>\n","protected":false},"excerpt":{"rendered":"<p>fir den Eveil Musical (1. &amp; 2. Joer)<\/p>\n","protected":false},"featured_media":1087,"comment_status":"open","ping_status":"closed","template":"","meta":[],"product_brand":[],"product_cat":[52],"product_tag":[],"class_list":{"0":"post-346","1":"product","2":"type-product","3":"status-publish","4":"has-post-thumbnail","6":"product_cat-eveil-musical","7":"product_shipping_class-max500g","9":"first","10":"instock","11":"taxable","12":"shipping-taxable","13":"purchasable","14":"product-type-variable"},"yoast_head":"<!-- This site is optimized with the Yoast SEO plugin v26.6 - https:\/\/yoast.com\/wordpress\/plugins\/seo\/ -->\n<title>E Buch voller Musek \u2013 Sch\u00fclerbuch | Micky Thein - Blueorange Music<\/title>\n<meta name=\"robots\" content=\"index, follow, max-snippet:-1, max-image-preview:large, max-video-preview:-1\" \/>\n<link rel=\"canonical\" href=\"https:\/\/blueorangemusic.com\/oshop\/produkt\/e-buch-voller-musek-schuelerbuch-micky-thein\/\" \/>\n<meta property=\"og:locale\" content=\"de_DE\" \/>\n<meta property=\"og:type\" content=\"article\" \/>\n<meta property=\"og:title\" content=\"E Buch voller Musek \u2013 Sch\u00fclerbuch | Micky Thein - Blueorange Music\" \/>\n<meta property=\"og:description\" content=\"fir den Eveil Musical (1. &amp; 2. Joer)\" \/>\n<meta property=\"og:url\" content=\"https:\/\/blueorangemusic.com\/oshop\/produkt\/e-buch-voller-musek-schuelerbuch-micky-thein\/\" \/>\n<meta property=\"og:site_name\" content=\"Blueorange Music\" \/>\n<meta property=\"article:modified_time\" content=\"2020-12-23T03:53:51+00:00\" \/>\n<meta property=\"og:image\" content=\"https:\/\/blueorangemusic.com\/oshop\/wp-content\/uploads\/2016\/10\/schuelerbuch_cover-ebvm_2.png\" \/>\n\t<meta property=\"og:image:width\" content=\"800\" \/>\n\t<meta property=\"og:image:height\" content=\"912\" \/>\n\t<meta property=\"og:image:type\" content=\"image\/png\" \/>\n<meta name=\"twitter:card\" content=\"summary_large_image\" \/>\n<script type=\"application\/ld+json\" class=\"yoast-schema-graph\">{\"@context\":\"https:\/\/schema.org\",\"@graph\":[{\"@type\":\"WebPage\",\"@id\":\"https:\/\/blueorangemusic.com\/oshop\/produkt\/e-buch-voller-musek-schuelerbuch-micky-thein\/\",\"url\":\"https:\/\/blueorangemusic.com\/oshop\/produkt\/e-buch-voller-musek-schuelerbuch-micky-thein\/\",\"name\":\"E Buch voller Musek \u2013 Sch\u00fclerbuch | Micky Thein - Blueorange Music\",\"isPartOf\":{\"@id\":\"https:\/\/blueorangemusic.com\/oshop\/#website\"},\"primaryImageOfPage\":{\"@id\":\"https:\/\/blueorangemusic.com\/oshop\/produkt\/e-buch-voller-musek-schuelerbuch-micky-thein\/#primaryimage\"},\"image\":{\"@id\":\"https:\/\/blueorangemusic.com\/oshop\/produkt\/e-buch-voller-musek-schuelerbuch-micky-thein\/#primaryimage\"},\"thumbnailUrl\":\"https:\/\/blueorangemusic.com\/oshop\/wp-content\/uploads\/2016\/10\/schuelerbuch_cover-ebvm_2.png\",\"datePublished\":\"2016-10-11T20:41:12+00:00\",\"dateModified\":\"2020-12-23T03:53:51+00:00\",\"breadcrumb\":{\"@id\":\"https:\/\/blueorangemusic.com\/oshop\/produkt\/e-buch-voller-musek-schuelerbuch-micky-thein\/#breadcrumb\"},\"inLanguage\":\"de\",\"potentialAction\":[{\"@type\":\"ReadAction\",\"target\":[\"https:\/\/blueorangemusic.com\/oshop\/produkt\/e-buch-voller-musek-schuelerbuch-micky-thein\/\"]}]},{\"@type\":\"ImageObject\",\"inLanguage\":\"de\",\"@id\":\"https:\/\/blueorangemusic.com\/oshop\/produkt\/e-buch-voller-musek-schuelerbuch-micky-thein\/#primaryimage\",\"url\":\"https:\/\/blueorangemusic.com\/oshop\/wp-content\/uploads\/2016\/10\/schuelerbuch_cover-ebvm_2.png\",\"contentUrl\":\"https:\/\/blueorangemusic.com\/oshop\/wp-content\/uploads\/2016\/10\/schuelerbuch_cover-ebvm_2.png\",\"width\":800,\"height\":912},{\"@type\":\"BreadcrumbList\",\"@id\":\"https:\/\/blueorangemusic.com\/oshop\/produkt\/e-buch-voller-musek-schuelerbuch-micky-thein\/#breadcrumb\",\"itemListElement\":[{\"@type\":\"ListItem\",\"position\":1,\"name\":\"Startseite\",\"item\":\"https:\/\/blueorangemusic.com\/oshop\/\"},{\"@type\":\"ListItem\",\"position\":2,\"name\":\"Shop\",\"item\":\"https:\/\/blueorangemusic.com\/oshop\/shop\/\"},{\"@type\":\"ListItem\",\"position\":3,\"name\":\"E Buch voller Musek \u2013 Sch\u00fclerbuch | Micky Thein\"}]},{\"@type\":\"WebSite\",\"@id\":\"https:\/\/blueorangemusic.com\/oshop\/#website\",\"url\":\"https:\/\/blueorangemusic.com\/oshop\/\",\"name\":\"Blueorange Music\",\"description\":\"Musikverlag f\u00fcr p\u00e4dagogisches Material\",\"potentialAction\":[{\"@type\":\"SearchAction\",\"target\":{\"@type\":\"EntryPoint\",\"urlTemplate\":\"https:\/\/blueorangemusic.com\/oshop\/?s={search_term_string}\"},\"query-input\":{\"@type\":\"PropertyValueSpecification\",\"valueRequired\":true,\"valueName\":\"search_term_string\"}}],\"inLanguage\":\"de\"}]}<\/script>\n<!-- \/ Yoast SEO plugin. -->","yoast_head_json":{"title":"E Buch voller Musek \u2013 Sch\u00fclerbuch | Micky Thein - Blueorange Music","robots":{"index":"index","follow":"follow","max-snippet":"max-snippet:-1","max-image-preview":"max-image-preview:large","max-video-preview":"max-video-preview:-1"},"canonical":"https:\/\/blueorangemusic.com\/oshop\/produkt\/e-buch-voller-musek-schuelerbuch-micky-thein\/","og_locale":"de_DE","og_type":"article","og_title":"E Buch voller Musek \u2013 Sch\u00fclerbuch | Micky Thein - Blueorange Music","og_description":"fir den Eveil Musical (1. &amp; 2. Joer)","og_url":"https:\/\/blueorangemusic.com\/oshop\/produkt\/e-buch-voller-musek-schuelerbuch-micky-thein\/","og_site_name":"Blueorange Music","article_modified_time":"2020-12-23T03:53:51+00:00","og_image":[{"width":800,"height":912,"url":"https:\/\/blueorangemusic.com\/oshop\/wp-content\/uploads\/2016\/10\/schuelerbuch_cover-ebvm_2.png","type":"image\/png"}],"twitter_card":"summary_large_image","schema":{"@context":"https:\/\/schema.org","@graph":[{"@type":"WebPage","@id":"https:\/\/blueorangemusic.com\/oshop\/produkt\/e-buch-voller-musek-schuelerbuch-micky-thein\/","url":"https:\/\/blueorangemusic.com\/oshop\/produkt\/e-buch-voller-musek-schuelerbuch-micky-thein\/","name":"E Buch voller Musek \u2013 Sch\u00fclerbuch | Micky Thein - Blueorange Music","isPartOf":{"@id":"https:\/\/blueorangemusic.com\/oshop\/#website"},"primaryImageOfPage":{"@id":"https:\/\/blueorangemusic.com\/oshop\/produkt\/e-buch-voller-musek-schuelerbuch-micky-thein\/#primaryimage"},"image":{"@id":"https:\/\/blueorangemusic.com\/oshop\/produkt\/e-buch-voller-musek-schuelerbuch-micky-thein\/#primaryimage"},"thumbnailUrl":"https:\/\/blueorangemusic.com\/oshop\/wp-content\/uploads\/2016\/10\/schuelerbuch_cover-ebvm_2.png","datePublished":"2016-10-11T20:41:12+00:00","dateModified":"2020-12-23T03:53:51+00:00","breadcrumb":{"@id":"https:\/\/blueorangemusic.com\/oshop\/produkt\/e-buch-voller-musek-schuelerbuch-micky-thein\/#breadcrumb"},"inLanguage":"de","potentialAction":[{"@type":"ReadAction","target":["https:\/\/blueorangemusic.com\/oshop\/produkt\/e-buch-voller-musek-schuelerbuch-micky-thein\/"]}]},{"@type":"ImageObject","inLanguage":"de","@id":"https:\/\/blueorangemusic.com\/oshop\/produkt\/e-buch-voller-musek-schuelerbuch-micky-thein\/#primaryimage","url":"https:\/\/blueorangemusic.com\/oshop\/wp-content\/uploads\/2016\/10\/schuelerbuch_cover-ebvm_2.png","contentUrl":"https:\/\/blueorangemusic.com\/oshop\/wp-content\/uploads\/2016\/10\/schuelerbuch_cover-ebvm_2.png","width":800,"height":912},{"@type":"BreadcrumbList","@id":"https:\/\/blueorangemusic.com\/oshop\/produkt\/e-buch-voller-musek-schuelerbuch-micky-thein\/#breadcrumb","itemListElement":[{"@type":"ListItem","position":1,"name":"Startseite","item":"https:\/\/blueorangemusic.com\/oshop\/"},{"@type":"ListItem","position":2,"name":"Shop","item":"https:\/\/blueorangemusic.com\/oshop\/shop\/"},{"@type":"ListItem","position":3,"name":"E Buch voller Musek \u2013 Sch\u00fclerbuch | Micky Thein"}]},{"@type":"WebSite","@id":"https:\/\/blueorangemusic.com\/oshop\/#website","url":"https:\/\/blueorangemusic.com\/oshop\/","name":"Blueorange Music","description":"Musikverlag f\u00fcr p\u00e4dagogisches Material","potentialAction":[{"@type":"SearchAction","target":{"@type":"EntryPoint","urlTemplate":"https:\/\/blueorangemusic.com\/oshop\/?s={search_term_string}"},"query-input":{"@type":"PropertyValueSpecification","valueRequired":true,"valueName":"search_term_string"}}],"inLanguage":"de"}]}},"_links":{"self":[{"href":"https:\/\/blueorangemusic.com\/oshop\/wp-json\/wp\/v2\/product\/346","targetHints":{"allow":["GET"]}}],"collection":[{"href":"https:\/\/blueorangemusic.com\/oshop\/wp-json\/wp\/v2\/product"}],"about":[{"href":"https:\/\/blueorangemusic.com\/oshop\/wp-json\/wp\/v2\/types\/product"}],"replies":[{"embeddable":true,"href":"https:\/\/blueorangemusic.com\/oshop\/wp-json\/wp\/v2\/comments?post=346"}],"wp:featuredmedia":[{"embeddable":true,"href":"https:\/\/blueorangemusic.com\/oshop\/wp-json\/wp\/v2\/media\/1087"}],"wp:attachment":[{"href":"https:\/\/blueorangemusic.com\/oshop\/wp-json\/wp\/v2\/media?parent=346"}],"wp:term":[{"taxonomy":"product_brand","embeddable":true,"href":"https:\/\/blueorangemusic.com\/oshop\/wp-json\/wp\/v2\/product_brand?post=346"},{"taxonomy":"product_cat","embeddable":true,"href":"https:\/\/blueorangemusic.com\/oshop\/wp-json\/wp\/v2\/product_cat?post=346"},{"taxonomy":"product_tag","embeddable":true,"href":"https:\/\/blueorangemusic.com\/oshop\/wp-json\/wp\/v2\/product_tag?post=346"}],"curies":[{"name":"wp","href":"https:\/\/api.w.org\/{rel}","templated":true}]}}