{"id":5176,"date":"2021-09-13T19:16:55","date_gmt":"2021-09-13T17:16:55","guid":{"rendered":"https:\/\/blueorangemusic.com\/oshop\/?post_type=product&#038;p=5176"},"modified":"2021-09-13T20:34:34","modified_gmt":"2021-09-13T18:34:34","slug":"drum-book-niels-engel","status":"publish","type":"product","link":"https:\/\/blueorangemusic.com\/oshop\/produkt\/drum-book-niels-engel\/","title":{"rendered":"Drum Book | Niels Engel"},"content":{"rendered":"<p>Virwuert<br \/>\nTrommelen an Trommeler ginn et schonn zanter dausende vu Joren. S\u00e4itdeem huet sech d\u00ebs<br \/>\nKonscht progressiv weider entw\u00e9ckelt, esou dass den Drumset (oder d\u2019Batterie) haut eent vun<br \/>\nde popul\u00e4ersten Instrumenter weltw\u00e4it ginn ass. Den Drumset, esou w\u00e9i mir e kennen, g\u00ebtt et<br \/>\nan d\u00ebser Form er\u00e9ischt s\u00e4it e b\u00ebsse m\u00e9i w\u00e9i engem Joerhonnert.<br \/>\nGanz gl\u00e4ich wat de Grond ass wisou\u2019s du Batterie l\u00e9iers, du hues dir en Instrument erausgesicht<br \/>\nwat enorm vills\u00e4iteg ass a vill Prezisioun, Kontroll a Koordinatioun vun \u00c4erm a Been verlaangt.<br \/>\nDrums h\u00e9iert een haut praktesch iwwerall am Alldag, sief et op engem Concert, um Radio oder<br \/>\nop anere Medien.<br \/>\nD\u00ebst \u201cDrum Book\u201d ass entstanen aus enger Usammlung vun eenzelen Et\u00fcden, Exercicer, Skizzen<br \/>\na moderne Rhythmen, d\u00e9i ech an de leschte M\u00e9int a Joren ausgeschafft an elo zu engem<br \/>\nGanze komplett\u00e9iert hunn.<br \/>\nUgepasst un de nationale Programm vum Drumset zu L\u00ebtzebuerg, sollt et dem Batteriessch\u00fcler<br \/>\nan Enseignant aus de Museksinstitutiounen am Land an iwwer d\u2019Grenzen eraus eng<br \/>\nH\u00ebllef sinn, fir aktuellt an essentiellt Material gr\u00ebffbereet ze hunn. Et war deemno wichteg,<br \/>\nee Buch ze hunn, wat all d\u00e9i fundamental Komponenten deckt, ew\u00e9i Lectures-\u00e0-vue, Solo\u2019en,<br \/>\nDuo\u2019en a kloer not\u00e9iert Rhythmen. Mat stilistescher Diversit\u00e9it an Upassung vun de Niveau\u2019en<br \/>\nregroup\u00e9iert d\u2019Drum Book all d\u00ebs Elementer zu engem kompakten an iwwersiichtleche Buch.<br \/>\nNiels Engel<\/p>\n<p>ISMN: 979-0-803876-48-3<\/p>\n","protected":false},"excerpt":{"rendered":"<p>f\u00fcr Drumset<\/p>\n","protected":false},"featured_media":5141,"comment_status":"open","ping_status":"closed","template":"","meta":[],"product_brand":[],"product_cat":[50],"product_tag":[],"class_list":{"0":"post-5176","1":"product","2":"type-product","3":"status-publish","4":"has-post-thumbnail","6":"product_cat-drumset","7":"product_shipping_class-max500g","9":"first","10":"instock","11":"taxable","12":"shipping-taxable","13":"purchasable","14":"product-type-simple"},"yoast_head":"<!-- This site is optimized with the Yoast SEO plugin v26.6 - https:\/\/yoast.com\/wordpress\/plugins\/seo\/ -->\n<title>Drum Book | Niels Engel - Blueorange Music<\/title>\n<meta name=\"description\" content=\"Werk von Georges Urwald f\u00fcr Fl\u00f6te, Klarinette in Bb , Tenorsaxophon, Violoncello &amp; Klavier. ISMN: 979-0-803876-28-5\" \/>\n<meta name=\"robots\" content=\"index, follow, max-snippet:-1, max-image-preview:large, max-video-preview:-1\" \/>\n<link rel=\"canonical\" href=\"https:\/\/blueorangemusic.com\/oshop\/produkt\/drum-book-niels-engel\/\" \/>\n<meta property=\"og:locale\" content=\"de_DE\" \/>\n<meta property=\"og:type\" content=\"article\" \/>\n<meta property=\"og:title\" content=\"Drum Book | Niels Engel - Blueorange Music\" \/>\n<meta property=\"og:description\" content=\"Werk von Georges Urwald f\u00fcr Fl\u00f6te, Klarinette in Bb , Tenorsaxophon, Violoncello &amp; Klavier. ISMN: 979-0-803876-28-5\" \/>\n<meta property=\"og:url\" content=\"https:\/\/blueorangemusic.com\/oshop\/produkt\/drum-book-niels-engel\/\" \/>\n<meta property=\"og:site_name\" content=\"Blueorange Music\" \/>\n<meta property=\"article:modified_time\" content=\"2021-09-13T18:34:34+00:00\" \/>\n<meta property=\"og:image\" content=\"https:\/\/blueorangemusic.com\/oshop\/wp-content\/uploads\/2021\/08\/Cover.jpg\" \/>\n\t<meta property=\"og:image:width\" content=\"552\" \/>\n\t<meta property=\"og:image:height\" content=\"797\" \/>\n\t<meta property=\"og:image:type\" content=\"image\/jpeg\" \/>\n<meta name=\"twitter:card\" content=\"summary_large_image\" \/>\n<meta name=\"twitter:label1\" content=\"Gesch\u00e4tzte Lesezeit\" \/>\n\t<meta name=\"twitter:data1\" content=\"1\u00a0Minute\" \/>\n<script type=\"application\/ld+json\" class=\"yoast-schema-graph\">{\"@context\":\"https:\/\/schema.org\",\"@graph\":[{\"@type\":\"WebPage\",\"@id\":\"https:\/\/blueorangemusic.com\/oshop\/produkt\/drum-book-niels-engel\/\",\"url\":\"https:\/\/blueorangemusic.com\/oshop\/produkt\/drum-book-niels-engel\/\",\"name\":\"Drum Book | Niels Engel - Blueorange Music\",\"isPartOf\":{\"@id\":\"https:\/\/blueorangemusic.com\/oshop\/#website\"},\"primaryImageOfPage\":{\"@id\":\"https:\/\/blueorangemusic.com\/oshop\/produkt\/drum-book-niels-engel\/#primaryimage\"},\"image\":{\"@id\":\"https:\/\/blueorangemusic.com\/oshop\/produkt\/drum-book-niels-engel\/#primaryimage\"},\"thumbnailUrl\":\"https:\/\/blueorangemusic.com\/oshop\/wp-content\/uploads\/2021\/08\/Cover.jpg\",\"datePublished\":\"2021-09-13T17:16:55+00:00\",\"dateModified\":\"2021-09-13T18:34:34+00:00\",\"description\":\"Werk von Georges Urwald f\u00fcr Fl\u00f6te, Klarinette in Bb , Tenorsaxophon, Violoncello & Klavier. ISMN: 979-0-803876-28-5\",\"breadcrumb\":{\"@id\":\"https:\/\/blueorangemusic.com\/oshop\/produkt\/drum-book-niels-engel\/#breadcrumb\"},\"inLanguage\":\"de\",\"potentialAction\":[{\"@type\":\"ReadAction\",\"target\":[\"https:\/\/blueorangemusic.com\/oshop\/produkt\/drum-book-niels-engel\/\"]}]},{\"@type\":\"ImageObject\",\"inLanguage\":\"de\",\"@id\":\"https:\/\/blueorangemusic.com\/oshop\/produkt\/drum-book-niels-engel\/#primaryimage\",\"url\":\"https:\/\/blueorangemusic.com\/oshop\/wp-content\/uploads\/2021\/08\/Cover.jpg\",\"contentUrl\":\"https:\/\/blueorangemusic.com\/oshop\/wp-content\/uploads\/2021\/08\/Cover.jpg\",\"width\":552,\"height\":797},{\"@type\":\"BreadcrumbList\",\"@id\":\"https:\/\/blueorangemusic.com\/oshop\/produkt\/drum-book-niels-engel\/#breadcrumb\",\"itemListElement\":[{\"@type\":\"ListItem\",\"position\":1,\"name\":\"Startseite\",\"item\":\"https:\/\/blueorangemusic.com\/oshop\/\"},{\"@type\":\"ListItem\",\"position\":2,\"name\":\"Shop\",\"item\":\"https:\/\/blueorangemusic.com\/oshop\/shop\/\"},{\"@type\":\"ListItem\",\"position\":3,\"name\":\"Drum Book | Niels Engel\"}]},{\"@type\":\"WebSite\",\"@id\":\"https:\/\/blueorangemusic.com\/oshop\/#website\",\"url\":\"https:\/\/blueorangemusic.com\/oshop\/\",\"name\":\"Blueorange Music\",\"description\":\"Musikverlag f\u00fcr p\u00e4dagogisches Material\",\"potentialAction\":[{\"@type\":\"SearchAction\",\"target\":{\"@type\":\"EntryPoint\",\"urlTemplate\":\"https:\/\/blueorangemusic.com\/oshop\/?s={search_term_string}\"},\"query-input\":{\"@type\":\"PropertyValueSpecification\",\"valueRequired\":true,\"valueName\":\"search_term_string\"}}],\"inLanguage\":\"de\"}]}<\/script>\n<!-- \/ Yoast SEO plugin. -->","yoast_head_json":{"title":"Drum Book | Niels Engel - Blueorange Music","description":"Werk von Georges Urwald f\u00fcr Fl\u00f6te, Klarinette in Bb , Tenorsaxophon, Violoncello & Klavier. ISMN: 979-0-803876-28-5","robots":{"index":"index","follow":"follow","max-snippet":"max-snippet:-1","max-image-preview":"max-image-preview:large","max-video-preview":"max-video-preview:-1"},"canonical":"https:\/\/blueorangemusic.com\/oshop\/produkt\/drum-book-niels-engel\/","og_locale":"de_DE","og_type":"article","og_title":"Drum Book | Niels Engel - Blueorange Music","og_description":"Werk von Georges Urwald f\u00fcr Fl\u00f6te, Klarinette in Bb , Tenorsaxophon, Violoncello & Klavier. ISMN: 979-0-803876-28-5","og_url":"https:\/\/blueorangemusic.com\/oshop\/produkt\/drum-book-niels-engel\/","og_site_name":"Blueorange Music","article_modified_time":"2021-09-13T18:34:34+00:00","og_image":[{"width":552,"height":797,"url":"https:\/\/blueorangemusic.com\/oshop\/wp-content\/uploads\/2021\/08\/Cover.jpg","type":"image\/jpeg"}],"twitter_card":"summary_large_image","twitter_misc":{"Gesch\u00e4tzte Lesezeit":"1\u00a0Minute"},"schema":{"@context":"https:\/\/schema.org","@graph":[{"@type":"WebPage","@id":"https:\/\/blueorangemusic.com\/oshop\/produkt\/drum-book-niels-engel\/","url":"https:\/\/blueorangemusic.com\/oshop\/produkt\/drum-book-niels-engel\/","name":"Drum Book | Niels Engel - Blueorange Music","isPartOf":{"@id":"https:\/\/blueorangemusic.com\/oshop\/#website"},"primaryImageOfPage":{"@id":"https:\/\/blueorangemusic.com\/oshop\/produkt\/drum-book-niels-engel\/#primaryimage"},"image":{"@id":"https:\/\/blueorangemusic.com\/oshop\/produkt\/drum-book-niels-engel\/#primaryimage"},"thumbnailUrl":"https:\/\/blueorangemusic.com\/oshop\/wp-content\/uploads\/2021\/08\/Cover.jpg","datePublished":"2021-09-13T17:16:55+00:00","dateModified":"2021-09-13T18:34:34+00:00","description":"Werk von Georges Urwald f\u00fcr Fl\u00f6te, Klarinette in Bb , Tenorsaxophon, Violoncello & Klavier. ISMN: 979-0-803876-28-5","breadcrumb":{"@id":"https:\/\/blueorangemusic.com\/oshop\/produkt\/drum-book-niels-engel\/#breadcrumb"},"inLanguage":"de","potentialAction":[{"@type":"ReadAction","target":["https:\/\/blueorangemusic.com\/oshop\/produkt\/drum-book-niels-engel\/"]}]},{"@type":"ImageObject","inLanguage":"de","@id":"https:\/\/blueorangemusic.com\/oshop\/produkt\/drum-book-niels-engel\/#primaryimage","url":"https:\/\/blueorangemusic.com\/oshop\/wp-content\/uploads\/2021\/08\/Cover.jpg","contentUrl":"https:\/\/blueorangemusic.com\/oshop\/wp-content\/uploads\/2021\/08\/Cover.jpg","width":552,"height":797},{"@type":"BreadcrumbList","@id":"https:\/\/blueorangemusic.com\/oshop\/produkt\/drum-book-niels-engel\/#breadcrumb","itemListElement":[{"@type":"ListItem","position":1,"name":"Startseite","item":"https:\/\/blueorangemusic.com\/oshop\/"},{"@type":"ListItem","position":2,"name":"Shop","item":"https:\/\/blueorangemusic.com\/oshop\/shop\/"},{"@type":"ListItem","position":3,"name":"Drum Book | Niels Engel"}]},{"@type":"WebSite","@id":"https:\/\/blueorangemusic.com\/oshop\/#website","url":"https:\/\/blueorangemusic.com\/oshop\/","name":"Blueorange Music","description":"Musikverlag f\u00fcr p\u00e4dagogisches Material","potentialAction":[{"@type":"SearchAction","target":{"@type":"EntryPoint","urlTemplate":"https:\/\/blueorangemusic.com\/oshop\/?s={search_term_string}"},"query-input":{"@type":"PropertyValueSpecification","valueRequired":true,"valueName":"search_term_string"}}],"inLanguage":"de"}]}},"_links":{"self":[{"href":"https:\/\/blueorangemusic.com\/oshop\/wp-json\/wp\/v2\/product\/5176","targetHints":{"allow":["GET"]}}],"collection":[{"href":"https:\/\/blueorangemusic.com\/oshop\/wp-json\/wp\/v2\/product"}],"about":[{"href":"https:\/\/blueorangemusic.com\/oshop\/wp-json\/wp\/v2\/types\/product"}],"replies":[{"embeddable":true,"href":"https:\/\/blueorangemusic.com\/oshop\/wp-json\/wp\/v2\/comments?post=5176"}],"wp:featuredmedia":[{"embeddable":true,"href":"https:\/\/blueorangemusic.com\/oshop\/wp-json\/wp\/v2\/media\/5141"}],"wp:attachment":[{"href":"https:\/\/blueorangemusic.com\/oshop\/wp-json\/wp\/v2\/media?parent=5176"}],"wp:term":[{"taxonomy":"product_brand","embeddable":true,"href":"https:\/\/blueorangemusic.com\/oshop\/wp-json\/wp\/v2\/product_brand?post=5176"},{"taxonomy":"product_cat","embeddable":true,"href":"https:\/\/blueorangemusic.com\/oshop\/wp-json\/wp\/v2\/product_cat?post=5176"},{"taxonomy":"product_tag","embeddable":true,"href":"https:\/\/blueorangemusic.com\/oshop\/wp-json\/wp\/v2\/product_tag?post=5176"}],"curies":[{"name":"wp","href":"https:\/\/api.w.org\/{rel}","templated":true}]}}