{"id":5388,"date":"2021-12-01T09:49:26","date_gmt":"2021-12-01T08:49:26","guid":{"rendered":"https:\/\/blueorangemusic.com\/oshop\/?post_type=product&#038;p=5388"},"modified":"2023-03-28T10:41:20","modified_gmt":"2023-03-28T08:41:20","slug":"letzebuerger-pianosheft-2-georges-urwald","status":"publish","type":"product","link":"https:\/\/blueorangemusic.com\/oshop\/produkt\/letzebuerger-pianosheft-2-georges-urwald\/","title":{"rendered":"L\u00ebtzebuerger Pianosheft 2 | Georges Urwald"},"content":{"rendered":"<p>Inhaltsverzeechnes:<\/p>\n<ol>\n<li style=\"list-style-type: none;\">\n<ol>\n<li>D\u2019Meedche vu G\u00ebtzen<\/li>\n<li>W\u00e9i meng Mamm nach huet gesponnen<\/li>\n<li>Ons Heemecht<\/li>\n<li>Ech sinn e groussen Hexemeeschter<\/li>\n<li>D\u2019Hechtercher aus der Stad<\/li>\n<li>D\u2019Lidd vum Th\u00e9iwesbuer<\/li>\n<li>K\u00e4ttchen, K\u00e4ttchen<\/li>\n<li>Tango Monaco<\/li>\n<li>D\u2019Lidd vum Kachk\u00e9is<\/li>\n<li>Zwou Bulle Mokka<\/li>\n<li>Hey du<\/li>\n<li>De L\u00e4bdance<\/li>\n<\/ol>\n<\/li>\n<\/ol>\n<p>ISMN: 979-0-803876-58-2<\/p>\n<table width=\"600\">\n<tbody>\n<tr>\n<td><img decoding=\"async\" class=\"alignnone size-full wp-image-4909\" src=\"https:\/\/blueorangemusic.com\/oshop\/wp-content\/uploads\/2020\/12\/AEM2.png\" alt=\"\" width=\"250\" srcset=\"https:\/\/blueorangemusic.com\/oshop\/wp-content\/uploads\/2020\/12\/AEM2.png 1982w, https:\/\/blueorangemusic.com\/oshop\/wp-content\/uploads\/2020\/12\/AEM2-800x174.png 800w, https:\/\/blueorangemusic.com\/oshop\/wp-content\/uploads\/2020\/12\/AEM2-1600x349.png 1600w, https:\/\/blueorangemusic.com\/oshop\/wp-content\/uploads\/2020\/12\/AEM2-768x167.png 768w, https:\/\/blueorangemusic.com\/oshop\/wp-content\/uploads\/2020\/12\/AEM2-1536x335.png 1536w, https:\/\/blueorangemusic.com\/oshop\/wp-content\/uploads\/2020\/12\/AEM2-510x111.png 510w\" sizes=\"(max-width: 1982px) 100vw, 1982px\" \/><\/td>\n<td><img decoding=\"async\" class=\"alignnone wp-image-481 size-full\" src=\"https:\/\/blueorangemusic.com\/oshop\/wp-content\/uploads\/2017\/07\/Logo-BOM-HP.png\" alt=\"\" width=\"250\" srcset=\"https:\/\/blueorangemusic.com\/oshop\/wp-content\/uploads\/2017\/07\/Logo-BOM-HP.png 640w, https:\/\/blueorangemusic.com\/oshop\/wp-content\/uploads\/2017\/07\/Logo-BOM-HP-510x168.png 510w\" sizes=\"(max-width: 640px) 100vw, 640px\" \/><\/td>\n<\/tr>\n<\/tbody>\n<\/table>\n<p>Mat der finanzieller \u00cbnnerst\u00ebtzung vun<\/p>\n<table width=\"600\">\n<tbody>\n<tr>\n<td><img decoding=\"async\" class=\"alignnone size-full wp-image-4906\" src=\"https:\/\/blueorangemusic.com\/oshop\/wp-content\/uploads\/2020\/12\/MC.png\" alt=\"\" width=\"250\" srcset=\"https:\/\/blueorangemusic.com\/oshop\/wp-content\/uploads\/2020\/12\/MC.png 3482w, https:\/\/blueorangemusic.com\/oshop\/wp-content\/uploads\/2020\/12\/MC-800x190.png 800w, https:\/\/blueorangemusic.com\/oshop\/wp-content\/uploads\/2020\/12\/MC-1600x379.png 1600w, https:\/\/blueorangemusic.com\/oshop\/wp-content\/uploads\/2020\/12\/MC-768x182.png 768w, https:\/\/blueorangemusic.com\/oshop\/wp-content\/uploads\/2020\/12\/MC-1536x364.png 1536w, https:\/\/blueorangemusic.com\/oshop\/wp-content\/uploads\/2020\/12\/MC-2048x485.png 2048w, https:\/\/blueorangemusic.com\/oshop\/wp-content\/uploads\/2020\/12\/MC-510x121.png 510w\" sizes=\"(max-width: 3482px) 100vw, 3482px\" \/><\/td>\n<td><img decoding=\"async\" class=\"alignnone size-full wp-image-4907\" src=\"https:\/\/blueorangemusic.com\/oshop\/wp-content\/uploads\/2020\/12\/MENJE.jpg\" alt=\"\" width=\"250\" srcset=\"https:\/\/blueorangemusic.com\/oshop\/wp-content\/uploads\/2020\/12\/MENJE.jpg 1826w, https:\/\/blueorangemusic.com\/oshop\/wp-content\/uploads\/2020\/12\/MENJE-800x199.jpg 800w, https:\/\/blueorangemusic.com\/oshop\/wp-content\/uploads\/2020\/12\/MENJE-1600x399.jpg 1600w, https:\/\/blueorangemusic.com\/oshop\/wp-content\/uploads\/2020\/12\/MENJE-768x191.jpg 768w, https:\/\/blueorangemusic.com\/oshop\/wp-content\/uploads\/2020\/12\/MENJE-1536x383.jpg 1536w, https:\/\/blueorangemusic.com\/oshop\/wp-content\/uploads\/2020\/12\/MENJE-510x127.jpg 510w\" sizes=\"(max-width: 1826px) 100vw, 1826px\" \/><\/td>\n<\/tr>\n<\/tbody>\n<\/table>\n","protected":false},"excerpt":{"rendered":"<p>f\u00fcr Klavier<\/p>\n","protected":false},"featured_media":5389,"comment_status":"open","ping_status":"closed","template":"","meta":[],"product_brand":[],"product_cat":[100],"product_tag":[],"class_list":{"0":"post-5388","1":"product","2":"type-product","3":"status-publish","4":"has-post-thumbnail","6":"product_cat-klavier","7":"product_shipping_class-max500g","9":"first","10":"instock","11":"taxable","12":"shipping-taxable","13":"purchasable","14":"product-type-simple"},"yoast_head":"<!-- This site is optimized with the Yoast SEO plugin v26.6 - https:\/\/yoast.com\/wordpress\/plugins\/seo\/ -->\n<title>L\u00ebtzebuerger Pianosheft 2 | Georges Urwald - Blueorange Music<\/title>\n<meta name=\"description\" content=\"Werk von Georges Urwald f\u00fcr Fl\u00f6te, Klarinette in Bb , Tenorsaxophon, Violoncello &amp; Klavier. ISMN: 979-0-803876-28-5\" \/>\n<meta name=\"robots\" content=\"index, follow, max-snippet:-1, max-image-preview:large, max-video-preview:-1\" \/>\n<link rel=\"canonical\" href=\"https:\/\/blueorangemusic.com\/oshop\/produkt\/letzebuerger-pianosheft-2-georges-urwald\/\" \/>\n<meta property=\"og:locale\" content=\"de_DE\" \/>\n<meta property=\"og:type\" content=\"article\" \/>\n<meta property=\"og:title\" content=\"L\u00ebtzebuerger Pianosheft 2 | Georges Urwald - Blueorange Music\" \/>\n<meta property=\"og:description\" content=\"Werk von Georges Urwald f\u00fcr Fl\u00f6te, Klarinette in Bb , Tenorsaxophon, Violoncello &amp; Klavier. ISMN: 979-0-803876-28-5\" \/>\n<meta property=\"og:url\" content=\"https:\/\/blueorangemusic.com\/oshop\/produkt\/letzebuerger-pianosheft-2-georges-urwald\/\" \/>\n<meta property=\"og:site_name\" content=\"Blueorange Music\" \/>\n<meta property=\"article:modified_time\" content=\"2023-03-28T08:41:20+00:00\" \/>\n<meta property=\"og:image\" content=\"https:\/\/blueorangemusic.com\/oshop\/wp-content\/uploads\/2021\/12\/LPH2-GU-Cover.jpg\" \/>\n\t<meta property=\"og:image:width\" content=\"800\" \/>\n\t<meta property=\"og:image:height\" content=\"972\" \/>\n\t<meta property=\"og:image:type\" content=\"image\/jpeg\" \/>\n<meta name=\"twitter:card\" content=\"summary_large_image\" \/>\n<meta name=\"twitter:label1\" content=\"Gesch\u00e4tzte Lesezeit\" \/>\n\t<meta name=\"twitter:data1\" content=\"2\u00a0Minuten\" \/>\n<script type=\"application\/ld+json\" class=\"yoast-schema-graph\">{\"@context\":\"https:\/\/schema.org\",\"@graph\":[{\"@type\":\"WebPage\",\"@id\":\"https:\/\/blueorangemusic.com\/oshop\/produkt\/letzebuerger-pianosheft-2-georges-urwald\/\",\"url\":\"https:\/\/blueorangemusic.com\/oshop\/produkt\/letzebuerger-pianosheft-2-georges-urwald\/\",\"name\":\"L\u00ebtzebuerger Pianosheft 2 | Georges Urwald - Blueorange Music\",\"isPartOf\":{\"@id\":\"https:\/\/blueorangemusic.com\/oshop\/#website\"},\"primaryImageOfPage\":{\"@id\":\"https:\/\/blueorangemusic.com\/oshop\/produkt\/letzebuerger-pianosheft-2-georges-urwald\/#primaryimage\"},\"image\":{\"@id\":\"https:\/\/blueorangemusic.com\/oshop\/produkt\/letzebuerger-pianosheft-2-georges-urwald\/#primaryimage\"},\"thumbnailUrl\":\"https:\/\/blueorangemusic.com\/oshop\/wp-content\/uploads\/2021\/12\/LPH2-GU-Cover.jpg\",\"datePublished\":\"2021-12-01T08:49:26+00:00\",\"dateModified\":\"2023-03-28T08:41:20+00:00\",\"description\":\"Werk von Georges Urwald f\u00fcr Fl\u00f6te, Klarinette in Bb , Tenorsaxophon, Violoncello & Klavier. ISMN: 979-0-803876-28-5\",\"breadcrumb\":{\"@id\":\"https:\/\/blueorangemusic.com\/oshop\/produkt\/letzebuerger-pianosheft-2-georges-urwald\/#breadcrumb\"},\"inLanguage\":\"de\",\"potentialAction\":[{\"@type\":\"ReadAction\",\"target\":[\"https:\/\/blueorangemusic.com\/oshop\/produkt\/letzebuerger-pianosheft-2-georges-urwald\/\"]}]},{\"@type\":\"ImageObject\",\"inLanguage\":\"de\",\"@id\":\"https:\/\/blueorangemusic.com\/oshop\/produkt\/letzebuerger-pianosheft-2-georges-urwald\/#primaryimage\",\"url\":\"https:\/\/blueorangemusic.com\/oshop\/wp-content\/uploads\/2021\/12\/LPH2-GU-Cover.jpg\",\"contentUrl\":\"https:\/\/blueorangemusic.com\/oshop\/wp-content\/uploads\/2021\/12\/LPH2-GU-Cover.jpg\",\"width\":800,\"height\":972},{\"@type\":\"BreadcrumbList\",\"@id\":\"https:\/\/blueorangemusic.com\/oshop\/produkt\/letzebuerger-pianosheft-2-georges-urwald\/#breadcrumb\",\"itemListElement\":[{\"@type\":\"ListItem\",\"position\":1,\"name\":\"Startseite\",\"item\":\"https:\/\/blueorangemusic.com\/oshop\/\"},{\"@type\":\"ListItem\",\"position\":2,\"name\":\"Shop\",\"item\":\"https:\/\/blueorangemusic.com\/oshop\/shop\/\"},{\"@type\":\"ListItem\",\"position\":3,\"name\":\"L\u00ebtzebuerger Pianosheft 2 | Georges Urwald\"}]},{\"@type\":\"WebSite\",\"@id\":\"https:\/\/blueorangemusic.com\/oshop\/#website\",\"url\":\"https:\/\/blueorangemusic.com\/oshop\/\",\"name\":\"Blueorange Music\",\"description\":\"Musikverlag f\u00fcr p\u00e4dagogisches Material\",\"potentialAction\":[{\"@type\":\"SearchAction\",\"target\":{\"@type\":\"EntryPoint\",\"urlTemplate\":\"https:\/\/blueorangemusic.com\/oshop\/?s={search_term_string}\"},\"query-input\":{\"@type\":\"PropertyValueSpecification\",\"valueRequired\":true,\"valueName\":\"search_term_string\"}}],\"inLanguage\":\"de\"}]}<\/script>\n<!-- \/ Yoast SEO plugin. -->","yoast_head_json":{"title":"L\u00ebtzebuerger Pianosheft 2 | Georges Urwald - Blueorange Music","description":"Werk von Georges Urwald f\u00fcr Fl\u00f6te, Klarinette in Bb , Tenorsaxophon, Violoncello & Klavier. ISMN: 979-0-803876-28-5","robots":{"index":"index","follow":"follow","max-snippet":"max-snippet:-1","max-image-preview":"max-image-preview:large","max-video-preview":"max-video-preview:-1"},"canonical":"https:\/\/blueorangemusic.com\/oshop\/produkt\/letzebuerger-pianosheft-2-georges-urwald\/","og_locale":"de_DE","og_type":"article","og_title":"L\u00ebtzebuerger Pianosheft 2 | Georges Urwald - Blueorange Music","og_description":"Werk von Georges Urwald f\u00fcr Fl\u00f6te, Klarinette in Bb , Tenorsaxophon, Violoncello & Klavier. ISMN: 979-0-803876-28-5","og_url":"https:\/\/blueorangemusic.com\/oshop\/produkt\/letzebuerger-pianosheft-2-georges-urwald\/","og_site_name":"Blueorange Music","article_modified_time":"2023-03-28T08:41:20+00:00","og_image":[{"width":800,"height":972,"url":"https:\/\/blueorangemusic.com\/oshop\/wp-content\/uploads\/2021\/12\/LPH2-GU-Cover.jpg","type":"image\/jpeg"}],"twitter_card":"summary_large_image","twitter_misc":{"Gesch\u00e4tzte Lesezeit":"2\u00a0Minuten"},"schema":{"@context":"https:\/\/schema.org","@graph":[{"@type":"WebPage","@id":"https:\/\/blueorangemusic.com\/oshop\/produkt\/letzebuerger-pianosheft-2-georges-urwald\/","url":"https:\/\/blueorangemusic.com\/oshop\/produkt\/letzebuerger-pianosheft-2-georges-urwald\/","name":"L\u00ebtzebuerger Pianosheft 2 | Georges Urwald - Blueorange Music","isPartOf":{"@id":"https:\/\/blueorangemusic.com\/oshop\/#website"},"primaryImageOfPage":{"@id":"https:\/\/blueorangemusic.com\/oshop\/produkt\/letzebuerger-pianosheft-2-georges-urwald\/#primaryimage"},"image":{"@id":"https:\/\/blueorangemusic.com\/oshop\/produkt\/letzebuerger-pianosheft-2-georges-urwald\/#primaryimage"},"thumbnailUrl":"https:\/\/blueorangemusic.com\/oshop\/wp-content\/uploads\/2021\/12\/LPH2-GU-Cover.jpg","datePublished":"2021-12-01T08:49:26+00:00","dateModified":"2023-03-28T08:41:20+00:00","description":"Werk von Georges Urwald f\u00fcr Fl\u00f6te, Klarinette in Bb , Tenorsaxophon, Violoncello & Klavier. ISMN: 979-0-803876-28-5","breadcrumb":{"@id":"https:\/\/blueorangemusic.com\/oshop\/produkt\/letzebuerger-pianosheft-2-georges-urwald\/#breadcrumb"},"inLanguage":"de","potentialAction":[{"@type":"ReadAction","target":["https:\/\/blueorangemusic.com\/oshop\/produkt\/letzebuerger-pianosheft-2-georges-urwald\/"]}]},{"@type":"ImageObject","inLanguage":"de","@id":"https:\/\/blueorangemusic.com\/oshop\/produkt\/letzebuerger-pianosheft-2-georges-urwald\/#primaryimage","url":"https:\/\/blueorangemusic.com\/oshop\/wp-content\/uploads\/2021\/12\/LPH2-GU-Cover.jpg","contentUrl":"https:\/\/blueorangemusic.com\/oshop\/wp-content\/uploads\/2021\/12\/LPH2-GU-Cover.jpg","width":800,"height":972},{"@type":"BreadcrumbList","@id":"https:\/\/blueorangemusic.com\/oshop\/produkt\/letzebuerger-pianosheft-2-georges-urwald\/#breadcrumb","itemListElement":[{"@type":"ListItem","position":1,"name":"Startseite","item":"https:\/\/blueorangemusic.com\/oshop\/"},{"@type":"ListItem","position":2,"name":"Shop","item":"https:\/\/blueorangemusic.com\/oshop\/shop\/"},{"@type":"ListItem","position":3,"name":"L\u00ebtzebuerger Pianosheft 2 | Georges Urwald"}]},{"@type":"WebSite","@id":"https:\/\/blueorangemusic.com\/oshop\/#website","url":"https:\/\/blueorangemusic.com\/oshop\/","name":"Blueorange Music","description":"Musikverlag f\u00fcr p\u00e4dagogisches Material","potentialAction":[{"@type":"SearchAction","target":{"@type":"EntryPoint","urlTemplate":"https:\/\/blueorangemusic.com\/oshop\/?s={search_term_string}"},"query-input":{"@type":"PropertyValueSpecification","valueRequired":true,"valueName":"search_term_string"}}],"inLanguage":"de"}]}},"_links":{"self":[{"href":"https:\/\/blueorangemusic.com\/oshop\/wp-json\/wp\/v2\/product\/5388","targetHints":{"allow":["GET"]}}],"collection":[{"href":"https:\/\/blueorangemusic.com\/oshop\/wp-json\/wp\/v2\/product"}],"about":[{"href":"https:\/\/blueorangemusic.com\/oshop\/wp-json\/wp\/v2\/types\/product"}],"replies":[{"embeddable":true,"href":"https:\/\/blueorangemusic.com\/oshop\/wp-json\/wp\/v2\/comments?post=5388"}],"wp:featuredmedia":[{"embeddable":true,"href":"https:\/\/blueorangemusic.com\/oshop\/wp-json\/wp\/v2\/media\/5389"}],"wp:attachment":[{"href":"https:\/\/blueorangemusic.com\/oshop\/wp-json\/wp\/v2\/media?parent=5388"}],"wp:term":[{"taxonomy":"product_brand","embeddable":true,"href":"https:\/\/blueorangemusic.com\/oshop\/wp-json\/wp\/v2\/product_brand?post=5388"},{"taxonomy":"product_cat","embeddable":true,"href":"https:\/\/blueorangemusic.com\/oshop\/wp-json\/wp\/v2\/product_cat?post=5388"},{"taxonomy":"product_tag","embeddable":true,"href":"https:\/\/blueorangemusic.com\/oshop\/wp-json\/wp\/v2\/product_tag?post=5388"}],"curies":[{"name":"wp","href":"https:\/\/api.w.org\/{rel}","templated":true}]}}